{"id":11,"date":"2023-07-17T05:01:35","date_gmt":"2023-07-17T05:01:35","guid":{"rendered":"http:\/\/noxiy.local\/?page_id=8"},"modified":"2025-12-23T22:05:39","modified_gmt":"2025-12-23T19:05:39","slug":"home-01-light","status":"publish","type":"page","link":"https:\/\/anadolusaygiosgb.com\/","title":{"rendered":"Anasayfa"},"content":{"rendered":"\t\t<div data-elementor-type=\"wp-page\" data-elementor-id=\"11\" class=\"elementor elementor-11\">\n\t\t\t\t\t\t<section class=\"elementor-section elementor-top-section elementor-element elementor-element-0fabb2f elementor-section-boxed elementor-section-height-default elementor-section-height-default\" data-id=\"0fabb2f\" data-element_type=\"section\" data-settings=\"{&quot;background_background&quot;:&quot;classic&quot;}\">\n\t\t\t\t\t\t<div class=\"elementor-container elementor-column-gap-default\">\n\t\t\t\t\t<div class=\"elementor-column elementor-col-50 elementor-top-column elementor-element elementor-element-775ff38\" data-id=\"775ff38\" data-element_type=\"column\">\n\t\t\t<div class=\"elementor-widget-wrap elementor-element-populated\">\n\t\t\t\t\t\t<div class=\"elementor-element elementor-element-ad718a5 elementor-widget__width-auto elementor-align-center elementor-icon-list--layout-traditional elementor-list-item-link-full_width elementor-widget elementor-widget-icon-list\" data-id=\"ad718a5\" data-element_type=\"widget\" data-widget_type=\"icon-list.default\">\n\t\t\t\t<div class=\"elementor-widget-container\">\n\t\t\t\t\t\t\t<ul class=\"elementor-icon-list-items\">\n\t\t\t\t\t\t\t<li class=\"elementor-icon-list-item\">\n\t\t\t\t\t\t\t\t\t\t\t<span class=\"elementor-icon-list-icon\">\n\t\t\t\t\t\t\t<svg aria-hidden=\"true\" class=\"e-font-icon-svg e-fas-circle\" viewBox=\"0 0 512 512\" xmlns=\"http:\/\/www.w3.org\/2000\/svg\"><path d=\"M256 8C119 8 8 119 8 256s111 248 248 248 248-111 248-248S393 8 256 8z\"><\/path><\/svg>\t\t\t\t\t\t<\/span>\n\t\t\t\t\t\t\t\t\t\t<span class=\"elementor-icon-list-text\">Anadolu Sayg\u0131 OSGB<\/span>\n\t\t\t\t\t\t\t\t\t<\/li>\n\t\t\t\t\t\t<\/ul>\n\t\t\t\t\t\t<\/div>\n\t\t\t\t<\/div>\n\t\t\t\t<div class=\"elementor-element elementor-element-09333ae elementor-widget__width-initial elementor-widget-tablet__width-inherit elementor-widget elementor-widget-heading\" data-id=\"09333ae\" data-element_type=\"widget\" data-widget_type=\"heading.default\">\n\t\t\t\t<div class=\"elementor-widget-container\">\n\t\t\t\t\t<h2 class=\"elementor-heading-title elementor-size-default\">\u0130\u015f sa\u011fl\u0131\u011f\u0131 ve G\u00fcvenli\u011finde Yeni Bir D\u00f6nem Ba\u015fl\u0131yor!\n<\/h2>\t\t\t\t<\/div>\n\t\t\t\t<\/div>\n\t\t\t\t\t<\/div>\n\t\t<\/div>\n\t\t\t\t<div class=\"elementor-column elementor-col-50 elementor-top-column elementor-element elementor-element-8da3d2d elementor-hidden-mobile\" data-id=\"8da3d2d\" data-element_type=\"column\">\n\t\t\t<div class=\"elementor-widget-wrap\">\n\t\t\t\t\t\t\t<\/div>\n\t\t<\/div>\n\t\t\t\t\t<\/div>\n\t\t<\/section>\n\t\t\t\t<section class=\"elementor-section elementor-top-section elementor-element elementor-element-5c61c0d elementor-section-full_width elementor-section-height-default elementor-section-height-default\" data-id=\"5c61c0d\" data-element_type=\"section\">\n\t\t\t\t\t\t<div class=\"elementor-container elementor-column-gap-no\">\n\t\t\t\t\t<div class=\"elementor-column elementor-col-100 elementor-top-column elementor-element elementor-element-875be61\" data-id=\"875be61\" data-element_type=\"column\">\n\t\t\t<div class=\"elementor-widget-wrap elementor-element-populated\">\n\t\t\t\t\t\t<div class=\"elementor-element elementor-element-9777b41 elementor-widget elementor-widget-text-slide-noxiy\" data-id=\"9777b41\" data-element_type=\"widget\" data-widget_type=\"text-slide-noxiy.default\">\n\t\t\t\t<div class=\"elementor-widget-container\">\n\t\t\t\t\t\r\n\r\n\r\n        <!-- Text Slider Area Start -->\r\n        <div class=\"text__slider two\">\r\n            <div class=\"text-slide\">\r\n                <div class=\"sliders scroll\">\r\n                    <ul>\r\n                                                    <li>\r\n                                <h2><a href=\"\">\u0130\u015f G\u00fcvenli\u011fi Uzman\u0131 Hizmeti<\/a><span\r\n                                        class=\"fa fa-star\"><\/span><\/h2>\r\n                            <\/li>\r\n                                                    <li>\r\n                                <h2><a href=\"\">\u0130\u015f Yeri Hekimi Hizmetleri<\/a><span\r\n                                        class=\"fa fa-star\"><\/span><\/h2>\r\n                            <\/li>\r\n                                                    <li>\r\n                                <h2><a href=\"\">Di\u011fer Sa\u011fl\u0131k Personeli Hizmetleri<\/a><span\r\n                                        class=\"fa fa-star\"><\/span><\/h2>\r\n                            <\/li>\r\n                                                    <li>\r\n                                <h2><a href=\"\">Acil Durum Eylem Plan\u0131 Haz\u0131rlamas\u0131<\/a><span\r\n                                        class=\"fa fa-star\"><\/span><\/h2>\r\n                            <\/li>\r\n                                                    <li>\r\n                                <h2><a href=\"\">Risk De\u011ferlendirmesi<\/a><span\r\n                                        class=\"fa fa-star\"><\/span><\/h2>\r\n                            <\/li>\r\n                                                    <li>\r\n                                <h2><a href=\"\">\u0130\u015f Sa\u011fl\u0131\u011f\u0131 G\u00fcvenli\u011fi E\u011fitimi<\/a><span\r\n                                        class=\"fa fa-star\"><\/span><\/h2>\r\n                            <\/li>\r\n                                            <\/ul>\r\n                <\/div>\r\n                <div class=\"sliders scroll\">\r\n                    <ul>\r\n                                                    <li>\r\n                                <h2><a href=\"\">\u0130\u015f G\u00fcvenli\u011fi Uzman\u0131 Hizmeti<\/a><span\r\n                                        class=\"fa fa-star\"><\/span><\/h2>\r\n                            <\/li>\r\n                                                    <li>\r\n                                <h2><a href=\"\">\u0130\u015f Yeri Hekimi Hizmetleri<\/a><span\r\n                                        class=\"fa fa-star\"><\/span><\/h2>\r\n                            <\/li>\r\n                                                    <li>\r\n                                <h2><a href=\"\">Di\u011fer Sa\u011fl\u0131k Personeli Hizmetleri<\/a><span\r\n                                        class=\"fa fa-star\"><\/span><\/h2>\r\n                            <\/li>\r\n                                                    <li>\r\n                                <h2><a href=\"\">Acil Durum Eylem Plan\u0131 Haz\u0131rlamas\u0131<\/a><span\r\n                                        class=\"fa fa-star\"><\/span><\/h2>\r\n                            <\/li>\r\n                                                    <li>\r\n                                <h2><a href=\"\">Risk De\u011ferlendirmesi<\/a><span\r\n                                        class=\"fa fa-star\"><\/span><\/h2>\r\n                            <\/li>\r\n                                                    <li>\r\n                                <h2><a href=\"\">\u0130\u015f Sa\u011fl\u0131\u011f\u0131 G\u00fcvenli\u011fi E\u011fitimi<\/a><span\r\n                                        class=\"fa fa-star\"><\/span><\/h2>\r\n                            <\/li>\r\n                                            <\/ul>\r\n                <\/div>\r\n            <\/div>\r\n        <\/div>\r\n        <!-- Text Slider Area Start -->\r\n\r\n        \t\t\t\t<\/div>\n\t\t\t\t<\/div>\n\t\t\t\t\t<\/div>\n\t\t<\/div>\n\t\t\t\t\t<\/div>\n\t\t<\/section>\n\t\t<div class=\"elementor-element elementor-element-bd51020 e-flex e-con-boxed e-con e-parent\" data-id=\"bd51020\" data-element_type=\"container\">\n\t\t\t\t\t<div class=\"e-con-inner\">\n\t\t<div class=\"elementor-element elementor-element-2b5ad64 e-con-full e-flex e-con e-child\" data-id=\"2b5ad64\" data-element_type=\"container\">\n\t\t\t\t<div class=\"elementor-element elementor-element-fe38fa2 elementor-widget elementor-widget-image\" data-id=\"fe38fa2\" data-element_type=\"widget\" data-widget_type=\"image.default\">\n\t\t\t\t<div class=\"elementor-widget-container\">\n\t\t\t\t\t\t\t\t\t\t\t\t\t\t\t<img decoding=\"async\" width=\"150\" height=\"150\" src=\"https:\/\/anadolusaygiosgb.com\/wp-content\/uploads\/2023\/10\/Paragraf-metniniz-150x150.png\" class=\"attachment-thumbnail size-thumbnail wp-image-2573\" alt=\"\" srcset=\"https:\/\/anadolusaygiosgb.com\/wp-content\/uploads\/2023\/10\/Paragraf-metniniz-150x150.png 150w, https:\/\/anadolusaygiosgb.com\/wp-content\/uploads\/2023\/10\/Paragraf-metniniz-300x300.png 300w, https:\/\/anadolusaygiosgb.com\/wp-content\/uploads\/2023\/10\/Paragraf-metniniz-1024x1024.png 1024w, https:\/\/anadolusaygiosgb.com\/wp-content\/uploads\/2023\/10\/Paragraf-metniniz-768x768.png 768w, https:\/\/anadolusaygiosgb.com\/wp-content\/uploads\/2023\/10\/Paragraf-metniniz.png 1500w\" sizes=\"(max-width: 150px) 100vw, 150px\" \/>\t\t\t\t\t\t\t\t\t\t\t\t\t\t\t<\/div>\n\t\t\t\t<\/div>\n\t\t\t\t<\/div>\n\t\t<div class=\"elementor-element elementor-element-828c082 e-con-full e-flex e-con e-child\" data-id=\"828c082\" data-element_type=\"container\">\n\t\t\t\t<div class=\"elementor-element elementor-element-a2325d9 elementor-tabs-view-horizontal elementor-widget elementor-widget-tabs\" data-id=\"a2325d9\" data-element_type=\"widget\" data-widget_type=\"tabs.default\">\n\t\t\t\t<div class=\"elementor-widget-container\">\n\t\t\t\t\t\t\t<div class=\"elementor-tabs\">\n\t\t\t<div class=\"elementor-tabs-wrapper\" role=\"tablist\" >\n\t\t\t\t\t\t\t\t\t<div id=\"elementor-tab-title-1701\" class=\"elementor-tab-title elementor-tab-desktop-title\" aria-selected=\"true\" data-tab=\"1\" role=\"tab\" tabindex=\"0\" aria-controls=\"elementor-tab-content-1701\" aria-expanded=\"false\">\u0130SG Katip Onay Sorgu<\/div>\n\t\t\t\t\t\t\t\t\t<div id=\"elementor-tab-title-1702\" class=\"elementor-tab-title elementor-tab-desktop-title\" aria-selected=\"false\" data-tab=\"2\" role=\"tab\" tabindex=\"-1\" aria-controls=\"elementor-tab-content-1702\" aria-expanded=\"false\">Tehlike S\u0131n\u0131f\u0131n\u0131z\u0131 \u00d6\u011frenin<\/div>\n\t\t\t\t\t\t\t<\/div>\n\t\t\t<div class=\"elementor-tabs-content-wrapper\" role=\"tablist\" aria-orientation=\"vertical\">\n\t\t\t\t\t\t\t\t\t<div class=\"elementor-tab-title elementor-tab-mobile-title\" aria-selected=\"true\" data-tab=\"1\" role=\"tab\" tabindex=\"0\" aria-controls=\"elementor-tab-content-1701\" aria-expanded=\"false\">\u0130SG Katip Onay Sorgu<\/div>\n\t\t\t\t\t<div id=\"elementor-tab-content-1701\" class=\"elementor-tab-content elementor-clearfix\" data-tab=\"1\" role=\"tabpanel\" aria-labelledby=\"elementor-tab-title-1701\" tabindex=\"0\" hidden=\"false\"><p>\u0130SG Katip Onay\u0131 Yapmak \u0130\u00e7in A\u015fa\u011f\u0131daki Linke T\u0131klay\u0131n\u0131z.<\/p><h6><strong><span style=\"text-decoration: underline;\"><a href=\"https:\/\/isgkatip.csgb.gov.tr\/\">\u0130SG Katip<\/a><\/span><\/strong><\/h6><\/div>\n\t\t\t\t\t\t\t\t\t<div class=\"elementor-tab-title elementor-tab-mobile-title\" aria-selected=\"false\" data-tab=\"2\" role=\"tab\" tabindex=\"-1\" aria-controls=\"elementor-tab-content-1702\" aria-expanded=\"false\">Tehlike S\u0131n\u0131f\u0131n\u0131z\u0131 \u00d6\u011frenin<\/div>\n\t\t\t\t\t<div id=\"elementor-tab-content-1702\" class=\"elementor-tab-content elementor-clearfix\" data-tab=\"2\" role=\"tabpanel\" aria-labelledby=\"elementor-tab-title-1702\" tabindex=\"0\" hidden=\"hidden\"><p><strong>Tehlike S\u0131n\u0131f\u0131n\u0131z\u0131 \u00d6\u011frenmek \u0130\u00e7in A\u015fa\u011f\u0131daki Linke T\u0131klay\u0131n\u0131z.<\/strong><\/p><h6><span style=\"text-decoration: underline;\"><strong>Tehlike S\u0131n\u0131f\u0131n\u0131z\u0131 \u00d6\u011frenin<\/strong><\/span><\/h6><\/div>\n\t\t\t\t\t\t\t<\/div>\n\t\t<\/div>\n\t\t\t\t\t\t<\/div>\n\t\t\t\t<\/div>\n\t\t\t\t<\/div>\n\t\t\t\t\t<\/div>\n\t\t\t\t<\/div>\n\t\t\t\t<section class=\"elementor-section elementor-top-section elementor-element elementor-element-07cc979 elementor-section-content-middle elementor-section-boxed elementor-section-height-default elementor-section-height-default\" data-id=\"07cc979\" data-element_type=\"section\" data-settings=\"{&quot;background_background&quot;:&quot;classic&quot;}\">\n\t\t\t\t\t\t<div class=\"elementor-container elementor-column-gap-default\">\n\t\t\t\t\t<div class=\"elementor-column elementor-col-50 elementor-top-column elementor-element elementor-element-adf2767\" data-id=\"adf2767\" data-element_type=\"column\">\n\t\t\t<div class=\"elementor-widget-wrap elementor-element-populated\">\n\t\t\t\t\t\t<div class=\"elementor-element elementor-element-8ac22e1 elementor-widget elementor-widget-image-noxiy\" data-id=\"8ac22e1\" data-element_type=\"widget\" data-widget_type=\"image-noxiy.default\">\n\t\t\t\t<div class=\"elementor-widget-container\">\n\t\t\t\t\t\r\n\r\n        \r\n            <div class=\"about__five-left\">\r\n                <img decoding=\"async\" class=\"about__five-left-shape\" src=\"https:\/\/anadolusaygiosgb.com\/wp-content\/uploads\/2023\/07\/about-5.png\" alt=\"No alt text\" \/>                <div class=\"about__five-left-image\">\r\n                    <div class=\"about__five-left-image-left image-overlay\">\r\n                        <img decoding=\"async\" src=\"https:\/\/anadolusaygiosgb.com\/wp-content\/uploads\/2023\/07\/about-10.jpg\" alt=\"No alt text\" \/>                    <\/div>\r\n                    <div class=\"about__five-left-image-right\">\r\n                        <div class=\"image-overlay\">\r\n                            <img decoding=\"async\" src=\"https:\/\/anadolusaygiosgb.com\/wp-content\/uploads\/2023\/07\/about-11.jpg\" alt=\"No alt text\" \/>                        <\/div>\r\n                        <div class=\"image-overlay\">\r\n                            <img decoding=\"async\" src=\"https:\/\/anadolusaygiosgb.com\/wp-content\/uploads\/2023\/07\/about-12.jpg\" alt=\"No alt text\" \/>                        <\/div>\r\n                    <\/div>\r\n                    <div class=\"about__five-left-image-experience\">\r\n                        <h1><span class=\"counter\">\r\n                                                            <\/span>                        <\/h1>\r\n                        <h6>\r\n                                                    <\/h6>\r\n                    <\/div>\r\n                <\/div>\r\n            <\/div>\r\n\r\n        \r\n\r\n        \r\n\r\n        \r\n\r\n        \r\n\r\n        \r\n\r\n                \r\n\r\n\r\n                \r\n\r\n\r\n        \r\n\r\n        \r\n        \r\n         \r\n        \r\n        \r\n          \r\n        \r\n\r\n\r\n        \t\t\t\t<\/div>\n\t\t\t\t<\/div>\n\t\t\t\t\t<\/div>\n\t\t<\/div>\n\t\t\t\t<div class=\"elementor-column elementor-col-50 elementor-top-column elementor-element elementor-element-8aa9968\" data-id=\"8aa9968\" data-element_type=\"column\">\n\t\t\t<div class=\"elementor-widget-wrap elementor-element-populated\">\n\t\t\t\t\t\t<div class=\"elementor-element elementor-element-77fab89 elementor-widget elementor-widget-subtitle-noxiy\" data-id=\"77fab89\" data-element_type=\"widget\" data-widget_type=\"subtitle-noxiy.default\">\n\t\t\t\t<div class=\"elementor-widget-container\">\n\t\t\t\t\t\r\n\r\n        <div class=\"subtitle-noxiy\">\r\n            <img decoding=\"async\" src=\"https:\/\/anadolusaygiosgb.com\/wp-content\/uploads\/2023\/07\/subtitle-1.png\" alt=\"No alt text\" \/>            <span>\r\n                Anadolu Sayg\u0131 OSGB            <\/span>\r\n        <\/div>\r\n\r\n\r\n        \t\t\t\t<\/div>\n\t\t\t\t<\/div>\n\t\t\t\t<div class=\"elementor-element elementor-element-964d9f4 elementor-widget__width-initial elementor-widget-mobile__width-inherit elementor-widget elementor-widget-heading\" data-id=\"964d9f4\" data-element_type=\"widget\" data-widget_type=\"heading.default\">\n\t\t\t\t<div class=\"elementor-widget-container\">\n\t\t\t\t\t<h2 class=\"elementor-heading-title elementor-size-default\">OSGB Avantajlar\u0131<\/h2>\t\t\t\t<\/div>\n\t\t\t\t<\/div>\n\t\t\t\t<div class=\"elementor-element elementor-element-cf3f9ff elementor-widget__width-initial elementor-widget-tablet__width-inherit elementor-widget elementor-widget-heading\" data-id=\"cf3f9ff\" data-element_type=\"widget\" data-widget_type=\"heading.default\">\n\t\t\t\t<div class=\"elementor-widget-container\">\n\t\t\t\t\t<p class=\"elementor-heading-title elementor-size-default\">\u0130\u015fyeri Hekimi, \u0130\u015f G\u00fcvenli\u011fi Uzman\u0131, Di\u011fer Sa\u011fl\u0131k Personelini b\u00fcnyenizde \u00e7al\u0131\u015ft\u0131rma y\u00fck\u00fcml\u00fcl\u00fc\u011f\u00fcn\u00fcz olmayacakt\u0131r. Bu personelin t\u00fcm sosyal ve g\u00fcvenlik haklar\u0131 hizmet ald\u0131\u011f\u0131n\u0131z OSGB\u2018nin sorumlulu\u011fundad\u0131r.<\/p>\t\t\t\t<\/div>\n\t\t\t\t<\/div>\n\t\t\t\t<div class=\"elementor-element elementor-element-9fb009c elementor-widget elementor-widget-button-noxiy\" data-id=\"9fb009c\" data-element_type=\"widget\" data-widget_type=\"button-noxiy.default\">\n\t\t\t\t<div class=\"elementor-widget-container\">\n\t\t\t\t\t\r\n        <div class=\"noxiy-button\">\r\n            <a href=\"https:\/\/anadolusaygiosgb.com\/index.php\/contact-01\/\" class=\"noxiy__btn\">\r\n                \u0130leti\u015fim            <\/a>\r\n\r\n        <\/div>\r\n\r\n        \t\t\t\t<\/div>\n\t\t\t\t<\/div>\n\t\t\t\t\t<\/div>\n\t\t<\/div>\n\t\t\t\t\t<\/div>\n\t\t<\/section>\n\t\t\t\t<\/div>\n\t\t","protected":false},"excerpt":{"rendered":"<p>Anadolu Sayg\u0131 OSGB \u0130\u015f sa\u011fl\u0131\u011f\u0131 ve G\u00fcvenli\u011finde Yeni Bir D\u00f6nem Ba\u015fl\u0131yor! \u0130\u015f G\u00fcvenli\u011fi Uzman\u0131 Hizmeti \u0130\u015f Yeri Hekimi Hizmetleri Di\u011fer Sa\u011fl\u0131k Personeli Hizmetleri Acil Durum Eylem Plan\u0131 Haz\u0131rlamas\u0131 Risk De\u011ferlendirmesi \u0130\u015f Sa\u011fl\u0131\u011f\u0131 G\u00fcvenli\u011fi E\u011fitimi \u0130\u015f G\u00fcvenli\u011fi Uzman\u0131 Hizmeti \u0130\u015f Yeri Hekimi Hizmetleri Di\u011fer Sa\u011fl\u0131k Personeli Hizmetleri Acil Durum Eylem Plan\u0131 Haz\u0131rlamas\u0131 Risk De\u011ferlendirmesi \u0130\u015f Sa\u011fl\u0131\u011f\u0131 [&hellip;]<\/p>\n","protected":false},"author":1,"featured_media":0,"parent":0,"menu_order":0,"comment_status":"closed","ping_status":"closed","template":"elementor_header_footer","meta":{"_monsterinsights_skip_tracking":false,"_monsterinsights_sitenote_active":false,"_monsterinsights_sitenote_note":"","_monsterinsights_sitenote_category":0,"footnotes":""},"class_list":["post-11","page","type-page","status-publish","hentry"],"aioseo_notices":[],"_links":{"self":[{"href":"https:\/\/anadolusaygiosgb.com\/index.php\/wp-json\/wp\/v2\/pages\/11","targetHints":{"allow":["GET"]}}],"collection":[{"href":"https:\/\/anadolusaygiosgb.com\/index.php\/wp-json\/wp\/v2\/pages"}],"about":[{"href":"https:\/\/anadolusaygiosgb.com\/index.php\/wp-json\/wp\/v2\/types\/page"}],"author":[{"embeddable":true,"href":"https:\/\/anadolusaygiosgb.com\/index.php\/wp-json\/wp\/v2\/users\/1"}],"replies":[{"embeddable":true,"href":"https:\/\/anadolusaygiosgb.com\/index.php\/wp-json\/wp\/v2\/comments?post=11"}],"version-history":[{"count":35,"href":"https:\/\/anadolusaygiosgb.com\/index.php\/wp-json\/wp\/v2\/pages\/11\/revisions"}],"predecessor-version":[{"id":2761,"href":"https:\/\/anadolusaygiosgb.com\/index.php\/wp-json\/wp\/v2\/pages\/11\/revisions\/2761"}],"wp:attachment":[{"href":"https:\/\/anadolusaygiosgb.com\/index.php\/wp-json\/wp\/v2\/media?parent=11"}],"curies":[{"name":"wp","href":"https:\/\/api.w.org\/{rel}","templated":true}]}}