{"id":2580,"date":"2023-10-30T21:57:31","date_gmt":"2023-10-30T18:57:31","guid":{"rendered":"https:\/\/anadolusaygiosgb.com\/?page_id=2580"},"modified":"2023-10-30T22:02:11","modified_gmt":"2023-10-30T19:02:11","slug":"vizyonumuz","status":"publish","type":"page","link":"https:\/\/anadolusaygiosgb.com\/index.php\/vizyonumuz\/","title":{"rendered":"Vizyonumuz"},"content":{"rendered":"\t\t<div data-elementor-type=\"wp-page\" data-elementor-id=\"2580\" class=\"elementor elementor-2580\">\n\t\t\t\t<div class=\"elementor-element elementor-element-75d4e64 e-flex e-con-boxed e-con e-parent\" data-id=\"75d4e64\" data-element_type=\"container\">\n\t\t\t\t\t<div class=\"e-con-inner\">\n\t\t\t\t<div class=\"elementor-element elementor-element-cb19819 elementor-widget elementor-widget-image\" data-id=\"cb19819\" data-element_type=\"widget\" data-widget_type=\"image.default\">\n\t\t\t\t<div class=\"elementor-widget-container\">\n\t\t\t\t\t\t\t\t\t\t\t\t\t\t\t<img fetchpriority=\"high\" decoding=\"async\" width=\"555\" height=\"355\" src=\"https:\/\/anadolusaygiosgb.com\/wp-content\/uploads\/2023\/10\/vizyon-gelisim-group-1.jpg\" class=\"attachment-large size-large wp-image-2582\" alt=\"\" srcset=\"https:\/\/anadolusaygiosgb.com\/wp-content\/uploads\/2023\/10\/vizyon-gelisim-group-1.jpg 555w, https:\/\/anadolusaygiosgb.com\/wp-content\/uploads\/2023\/10\/vizyon-gelisim-group-1-300x192.jpg 300w\" sizes=\"(max-width: 555px) 100vw, 555px\" \/>\t\t\t\t\t\t\t\t\t\t\t\t\t\t\t<\/div>\n\t\t\t\t<\/div>\n\t\t\t\t\t<\/div>\n\t\t\t\t<\/div>\n\t\t<div class=\"elementor-element elementor-element-a47c5a3 e-flex e-con-boxed e-con e-parent\" data-id=\"a47c5a3\" data-element_type=\"container\">\n\t\t\t\t\t<div class=\"e-con-inner\">\n\t\t<div class=\"elementor-element elementor-element-dafd152 e-con-full e-flex e-con e-child\" data-id=\"dafd152\" data-element_type=\"container\">\n\t\t\t\t<div class=\"elementor-element elementor-element-5cb9076 elementor-widget elementor-widget-heading\" data-id=\"5cb9076\" data-element_type=\"widget\" data-widget_type=\"heading.default\">\n\t\t\t\t<div class=\"elementor-widget-container\">\n\t\t\t\t\t<h2 class=\"elementor-heading-title elementor-size-default\">Vizyonumuz<\/h2>\t\t\t\t<\/div>\n\t\t\t\t<\/div>\n\t\t\t\t<\/div>\n\t\t<div class=\"elementor-element elementor-element-0a5292e e-con-full e-flex e-con e-child\" data-id=\"0a5292e\" data-element_type=\"container\">\n\t\t\t\t<div class=\"elementor-element elementor-element-bbd0bb8 elementor-widget elementor-widget-text-editor\" data-id=\"bbd0bb8\" data-element_type=\"widget\" data-widget_type=\"text-editor.default\">\n\t\t\t\t<div class=\"elementor-widget-container\">\n\t\t\t\t\t\t\t\t\t<p>Hizmet verdi\u011fimiz firmalar\u0131m\u0131za,\u00f6rnek sayg\u0131n bir OSGB&#8217;den hizmet alma ayr\u0131cal\u0131\u011f\u0131n\u0131 sa\u011flamak,\u00e7al\u0131\u015fanlar\u0131na bunun onur ve mutlulu\u011funu ya\u015fatmakt\u0131r.<\/p>\t\t\t\t\t\t\t\t<\/div>\n\t\t\t\t<\/div>\n\t\t\t\t<\/div>\n\t\t<div class=\"elementor-element elementor-element-3ff637d e-con-full e-flex e-con e-child\" data-id=\"3ff637d\" data-element_type=\"container\">\n\t\t\t\t<div class=\"elementor-element elementor-element-f3d4e88 elementor-widget elementor-widget-text-editor\" data-id=\"f3d4e88\" data-element_type=\"widget\" data-widget_type=\"text-editor.default\">\n\t\t\t\t<div class=\"elementor-widget-container\">\n\t\t\t\t\t\t\t\t\t<p><strong><u>Kalite Politikam\u0131z<\/u><\/strong><\/p>\n<p>*M\u00fc\u015fteri memnuniyetine odakl\u0131 hizmet anlay\u0131\u015f\u0131n\u0131 olu\u015fturmak.<\/p>\n<p>*Kendimizi s\u00fcrekli iyile\u015ftirmek, geli\u015ftirmek.<\/p>\n<p>*\u00c7al\u0131\u015fan haklar\u0131na sayg\u0131l\u0131 olmak ve haklar\u0131n\u0131 korumak.<\/p>\n<p>*Kalite y\u00f6netim anlay\u0131\u015f\u0131n\u0131 benimsemek ve bu bilinci yaymak.<\/p>\n<p>*Ekip anlay\u0131\u015f\u0131n\u0131 benimsemek ve kurum bilincini ya\u015fatmak.<\/p>\n<p>*Bilgi deneyim ve olanaklar\u0131m\u0131za hizmet verdi\u011fimiz i\u015f sa\u011fl\u0131\u011f\u0131 ve g\u00fcvenli\u011fi alan\u0131nda daha iyi ve kaliteli hizmet sunmaktad\u0131r.<\/p>\t\t\t\t\t\t\t\t<\/div>\n\t\t\t\t<\/div>\n\t\t\t\t<\/div>\n\t\t\t\t\t<\/div>\n\t\t\t\t<\/div>\n\t\t\t\t<\/div>\n\t\t","protected":false},"excerpt":{"rendered":"<p>Vizyonumuz Hizmet verdi\u011fimiz firmalar\u0131m\u0131za,\u00f6rnek sayg\u0131n bir OSGB&#8217;den hizmet alma ayr\u0131cal\u0131\u011f\u0131n\u0131 sa\u011flamak,\u00e7al\u0131\u015fanlar\u0131na bunun onur ve mutlulu\u011funu ya\u015fatmakt\u0131r. Kalite Politikam\u0131z *M\u00fc\u015fteri memnuniyetine odakl\u0131 hizmet anlay\u0131\u015f\u0131n\u0131 olu\u015fturmak. *Kendimizi s\u00fcrekli iyile\u015ftirmek, geli\u015ftirmek. *\u00c7al\u0131\u015fan haklar\u0131na sayg\u0131l\u0131 olmak ve haklar\u0131n\u0131 korumak. *Kalite y\u00f6netim anlay\u0131\u015f\u0131n\u0131 benimsemek ve bu bilinci yaymak. *Ekip anlay\u0131\u015f\u0131n\u0131 benimsemek ve kurum bilincini ya\u015fatmak. *Bilgi deneyim ve olanaklar\u0131m\u0131za hizmet [&hellip;]<\/p>\n","protected":false},"author":1,"featured_media":0,"parent":0,"menu_order":0,"comment_status":"closed","ping_status":"closed","template":"","meta":{"_monsterinsights_skip_tracking":false,"_monsterinsights_sitenote_active":false,"_monsterinsights_sitenote_note":"","_monsterinsights_sitenote_category":0,"footnotes":""},"class_list":["post-2580","page","type-page","status-publish","hentry"],"aioseo_notices":[],"_links":{"self":[{"href":"https:\/\/anadolusaygiosgb.com\/index.php\/wp-json\/wp\/v2\/pages\/2580","targetHints":{"allow":["GET"]}}],"collection":[{"href":"https:\/\/anadolusaygiosgb.com\/index.php\/wp-json\/wp\/v2\/pages"}],"about":[{"href":"https:\/\/anadolusaygiosgb.com\/index.php\/wp-json\/wp\/v2\/types\/page"}],"author":[{"embeddable":true,"href":"https:\/\/anadolusaygiosgb.com\/index.php\/wp-json\/wp\/v2\/users\/1"}],"replies":[{"embeddable":true,"href":"https:\/\/anadolusaygiosgb.com\/index.php\/wp-json\/wp\/v2\/comments?post=2580"}],"version-history":[{"count":4,"href":"https:\/\/anadolusaygiosgb.com\/index.php\/wp-json\/wp\/v2\/pages\/2580\/revisions"}],"predecessor-version":[{"id":2585,"href":"https:\/\/anadolusaygiosgb.com\/index.php\/wp-json\/wp\/v2\/pages\/2580\/revisions\/2585"}],"wp:attachment":[{"href":"https:\/\/anadolusaygiosgb.com\/index.php\/wp-json\/wp\/v2\/media?parent=2580"}],"curies":[{"name":"wp","href":"https:\/\/api.w.org\/{rel}","templated":true}]}}