{"id":2586,"date":"2023-10-30T22:02:40","date_gmt":"2023-10-30T19:02:40","guid":{"rendered":"https:\/\/anadolusaygiosgb.com\/?page_id=2586"},"modified":"2023-10-30T22:07:12","modified_gmt":"2023-10-30T19:07:12","slug":"misyonumuz","status":"publish","type":"page","link":"https:\/\/anadolusaygiosgb.com\/index.php\/misyonumuz\/","title":{"rendered":"Misyonumuz"},"content":{"rendered":"\t\t<div data-elementor-type=\"wp-page\" data-elementor-id=\"2586\" class=\"elementor elementor-2586\">\n\t\t\t\t<div class=\"elementor-element elementor-element-b7059aa e-flex e-con-boxed e-con e-parent\" data-id=\"b7059aa\" data-element_type=\"container\">\n\t\t\t\t\t<div class=\"e-con-inner\">\n\t\t\t\t<div class=\"elementor-element elementor-element-956e431 elementor-widget elementor-widget-image\" data-id=\"956e431\" data-element_type=\"widget\" data-widget_type=\"image.default\">\n\t\t\t\t<div class=\"elementor-widget-container\">\n\t\t\t\t\t\t\t\t\t\t\t\t\t\t\t<img fetchpriority=\"high\" decoding=\"async\" width=\"940\" height=\"351\" src=\"https:\/\/anadolusaygiosgb.com\/wp-content\/uploads\/2023\/10\/misyonumuz-.jpg\" class=\"attachment-full size-full wp-image-2590\" alt=\"\" srcset=\"https:\/\/anadolusaygiosgb.com\/wp-content\/uploads\/2023\/10\/misyonumuz-.jpg 940w, https:\/\/anadolusaygiosgb.com\/wp-content\/uploads\/2023\/10\/misyonumuz--300x112.jpg 300w, https:\/\/anadolusaygiosgb.com\/wp-content\/uploads\/2023\/10\/misyonumuz--768x287.jpg 768w\" sizes=\"(max-width: 940px) 100vw, 940px\" \/>\t\t\t\t\t\t\t\t\t\t\t\t\t\t\t<\/div>\n\t\t\t\t<\/div>\n\t\t\t\t\t<\/div>\n\t\t\t\t<\/div>\n\t\t<div class=\"elementor-element elementor-element-bec8c01 e-flex e-con-boxed e-con e-parent\" data-id=\"bec8c01\" data-element_type=\"container\">\n\t\t\t\t\t<div class=\"e-con-inner\">\n\t\t<div class=\"elementor-element elementor-element-a3a317d e-con-full e-flex e-con e-child\" data-id=\"a3a317d\" data-element_type=\"container\">\n\t\t\t\t<div class=\"elementor-element elementor-element-5cf353c elementor-widget elementor-widget-spacer\" data-id=\"5cf353c\" data-element_type=\"widget\" data-widget_type=\"spacer.default\">\n\t\t\t\t<div class=\"elementor-widget-container\">\n\t\t\t\t\t\t\t<div class=\"elementor-spacer\">\n\t\t\t<div class=\"elementor-spacer-inner\"><\/div>\n\t\t<\/div>\n\t\t\t\t\t\t<\/div>\n\t\t\t\t<\/div>\n\t\t\t\t<div class=\"elementor-element elementor-element-198afdd elementor-widget elementor-widget-heading\" data-id=\"198afdd\" data-element_type=\"widget\" data-widget_type=\"heading.default\">\n\t\t\t\t<div class=\"elementor-widget-container\">\n\t\t\t\t\t<h4 class=\"elementor-heading-title elementor-size-default\">Misyonumuz<\/h4>\t\t\t\t<\/div>\n\t\t\t\t<\/div>\n\t\t\t\t<\/div>\n\t\t<div class=\"elementor-element elementor-element-46b8f0b e-con-full e-flex e-con e-child\" data-id=\"46b8f0b\" data-element_type=\"container\">\n\t\t\t\t<div class=\"elementor-element elementor-element-dcca0d2 elementor-widget elementor-widget-text-editor\" data-id=\"dcca0d2\" data-element_type=\"widget\" data-widget_type=\"text-editor.default\">\n\t\t\t\t<div class=\"elementor-widget-container\">\n\t\t\t\t\t\t\t\t\t<p>\u00dcst seviyede i\u015f yeri hekimli\u011fi,i\u015f g\u00fcvenli\u011fi hizmetlerimiz ve e\u011fitimlerimizle,\u00e7a\u011fda\u015f bilim,teknoloji ve ahlaki de\u011ferler \u0131\u015f\u0131\u011f\u0131nda, ANADOLU SAYGI OSGB olarak hizmet verdi\u011fimiz firmalar arac\u0131l\u0131\u011f\u0131yla \u0130\u015f sa\u011fl\u0131\u011f\u0131 ve g\u00fcvenli\u011fi bilincinin olu\u015fmas\u0131na katk\u0131da bulunmak ve hizmet verdi\u011fimiz firmalar nezlinde \u00f6nleyici i\u015f sa\u011fl\u0131\u011f\u0131 ve g\u00fcvenli\u011fi k\u00fclt\u00fcr\u00fcn\u00fcn yayg\u0131nla\u015fmas\u0131n\u0131 sa\u011flamaktad\u0131r.<\/p>\t\t\t\t\t\t\t\t<\/div>\n\t\t\t\t<\/div>\n\t\t\t\t<\/div>\n\t\t\t\t\t<\/div>\n\t\t\t\t<\/div>\n\t\t\t\t<\/div>\n\t\t","protected":false},"excerpt":{"rendered":"<p>Misyonumuz \u00dcst seviyede i\u015f yeri hekimli\u011fi,i\u015f g\u00fcvenli\u011fi hizmetlerimiz ve e\u011fitimlerimizle,\u00e7a\u011fda\u015f bilim,teknoloji ve ahlaki de\u011ferler \u0131\u015f\u0131\u011f\u0131nda, ANADOLU SAYGI OSGB olarak hizmet verdi\u011fimiz firmalar arac\u0131l\u0131\u011f\u0131yla \u0130\u015f sa\u011fl\u0131\u011f\u0131 ve g\u00fcvenli\u011fi bilincinin olu\u015fmas\u0131na katk\u0131da bulunmak ve hizmet verdi\u011fimiz firmalar nezlinde \u00f6nleyici i\u015f sa\u011fl\u0131\u011f\u0131 ve g\u00fcvenli\u011fi k\u00fclt\u00fcr\u00fcn\u00fcn yayg\u0131nla\u015fmas\u0131n\u0131 sa\u011flamaktad\u0131r.<\/p>\n","protected":false},"author":1,"featured_media":0,"parent":0,"menu_order":0,"comment_status":"closed","ping_status":"closed","template":"","meta":{"_monsterinsights_skip_tracking":false,"_monsterinsights_sitenote_active":false,"_monsterinsights_sitenote_note":"","_monsterinsights_sitenote_category":0,"footnotes":""},"class_list":["post-2586","page","type-page","status-publish","hentry"],"aioseo_notices":[],"_links":{"self":[{"href":"https:\/\/anadolusaygiosgb.com\/index.php\/wp-json\/wp\/v2\/pages\/2586","targetHints":{"allow":["GET"]}}],"collection":[{"href":"https:\/\/anadolusaygiosgb.com\/index.php\/wp-json\/wp\/v2\/pages"}],"about":[{"href":"https:\/\/anadolusaygiosgb.com\/index.php\/wp-json\/wp\/v2\/types\/page"}],"author":[{"embeddable":true,"href":"https:\/\/anadolusaygiosgb.com\/index.php\/wp-json\/wp\/v2\/users\/1"}],"replies":[{"embeddable":true,"href":"https:\/\/anadolusaygiosgb.com\/index.php\/wp-json\/wp\/v2\/comments?post=2586"}],"version-history":[{"count":4,"href":"https:\/\/anadolusaygiosgb.com\/index.php\/wp-json\/wp\/v2\/pages\/2586\/revisions"}],"predecessor-version":[{"id":2593,"href":"https:\/\/anadolusaygiosgb.com\/index.php\/wp-json\/wp\/v2\/pages\/2586\/revisions\/2593"}],"wp:attachment":[{"href":"https:\/\/anadolusaygiosgb.com\/index.php\/wp-json\/wp\/v2\/media?parent=2586"}],"curies":[{"name":"wp","href":"https:\/\/api.w.org\/{rel}","templated":true}]}}