{"id":2610,"date":"2023-10-30T22:56:35","date_gmt":"2023-10-30T19:56:35","guid":{"rendered":"https:\/\/anadolusaygiosgb.com\/?page_id=2610"},"modified":"2023-10-30T23:35:30","modified_gmt":"2023-10-30T20:35:30","slug":"osgb-nedir","status":"publish","type":"page","link":"https:\/\/anadolusaygiosgb.com\/index.php\/osgb-nedir\/","title":{"rendered":"OSGB Nedir?"},"content":{"rendered":"\t\t<div data-elementor-type=\"wp-page\" data-elementor-id=\"2610\" class=\"elementor elementor-2610\">\n\t\t\t\t<div class=\"elementor-element elementor-element-ce2500b e-flex e-con-boxed e-con e-parent\" data-id=\"ce2500b\" data-element_type=\"container\">\n\t\t\t\t\t<div class=\"e-con-inner\">\n\t\t\t\t<div class=\"elementor-element elementor-element-b5f0e07 elementor-widget elementor-widget-image\" data-id=\"b5f0e07\" data-element_type=\"widget\" data-widget_type=\"image.default\">\n\t\t\t\t<div class=\"elementor-widget-container\">\n\t\t\t\t\t\t\t\t\t\t\t\t\t\t\t<img fetchpriority=\"high\" decoding=\"async\" width=\"1000\" height=\"571\" src=\"https:\/\/anadolusaygiosgb.com\/wp-content\/uploads\/2023\/10\/osgb-nedir-1.jpg\" class=\"attachment-large size-large wp-image-2643\" alt=\"\" srcset=\"https:\/\/anadolusaygiosgb.com\/wp-content\/uploads\/2023\/10\/osgb-nedir-1.jpg 1000w, https:\/\/anadolusaygiosgb.com\/wp-content\/uploads\/2023\/10\/osgb-nedir-1-300x171.jpg 300w, https:\/\/anadolusaygiosgb.com\/wp-content\/uploads\/2023\/10\/osgb-nedir-1-768x439.jpg 768w\" sizes=\"(max-width: 1000px) 100vw, 1000px\" \/>\t\t\t\t\t\t\t\t\t\t\t\t\t\t\t<\/div>\n\t\t\t\t<\/div>\n\t\t\t\t\t<\/div>\n\t\t\t\t<\/div>\n\t\t<div class=\"elementor-element elementor-element-842ea33 e-flex e-con-boxed e-con e-parent\" data-id=\"842ea33\" data-element_type=\"container\">\n\t\t\t\t\t<div class=\"e-con-inner\">\n\t\t<div class=\"elementor-element elementor-element-8d6dd99 e-con-full e-flex e-con e-child\" data-id=\"8d6dd99\" data-element_type=\"container\">\n\t\t\t\t<div class=\"elementor-element elementor-element-33e4992 elementor-widget elementor-widget-text-editor\" data-id=\"33e4992\" data-element_type=\"widget\" data-widget_type=\"text-editor.default\">\n\t\t\t\t<div class=\"elementor-widget-container\">\n\t\t\t\t\t\t\t\t\t<div class=\"vc_custom_heading text_align_center\"><h4>Ortak Sa\u011fl\u0131k G\u00fcvenlik Birimi<\/h4><\/div><div class=\"wpb_text_column wpb_content_element \"><div class=\"wpb_wrapper\"><div>Ortak Sa\u011fl\u0131k G\u00fcvenlik Birimi (OSGB), \u0130\u015f Sa\u011fl\u0131\u011f\u0131 ve G\u00fcvenli\u011fi Hizmetleri y\u00f6netmeli\u011fi ile tan\u0131mlanm\u0131\u015f; en son yasal d\u00fczenlemelere g\u00f6re 1 i\u015f\u00e7inin dahi \u00e7al\u0131\u015ft\u0131\u011f\u0131 sanayiden say\u0131lan ve say\u0131lmayan her t\u00fcrl\u00fc i\u015f yerine; i\u015f yeri hekimi ve i\u015f g\u00fcvenli\u011fi uzman\u0131 sa\u011flayan kurulu\u015flard\u0131r.<\/div><div>\u00c7al\u0131\u015fma ve Sosyal G\u00fcvenlik Bakanl\u0131\u011f\u0131 taraf\u0131ndan haz\u0131rlanan \u201c\u0130\u015f Sa\u011fl\u0131\u011f\u0131 ve G\u00fcvenli\u011fine \u0130li\u015fkin Tehlike S\u0131n\u0131flar\u0131 Tebli\u011fi\u201d 25 Kas\u0131m 2009 tarih ve 27417 say\u0131l\u0131 Resmi Gazete\u2019de yay\u0131mlanarak y\u00fcr\u00fcrl\u00fc\u011fe girdi. \u0130lgili y\u00f6netmelik, daha \u00f6nce yay\u0131mlanan \u201ci\u015fyeri ortak sa\u011fl\u0131k ve g\u00fcvenlik birimleri ile Ortak Sa\u011fl\u0131k G\u00fcvenlik Biriminin \u00c7al\u0131\u015fma esas ve usulleri\u201d hakk\u0131ndaki y\u00f6netmelik \u00e7er\u00e7evesinde faaliyet g\u00f6sterecek olan \u201cOrtak Sa\u011fl\u0131k G\u00fcvenlik Birimi\u201cnin de yetkilendirilme ve \u00e7al\u0131\u015fmaya ba\u015flamalar\u0131n\u0131 sa\u011flad\u0131.<\/div><\/div><\/div>\t\t\t\t\t\t\t\t<\/div>\n\t\t\t\t<\/div>\n\t\t\t\t<\/div>\n\t\t<div class=\"elementor-element elementor-element-f118d5f e-con-full e-flex e-con e-child\" data-id=\"f118d5f\" data-element_type=\"container\">\n\t\t<div class=\"elementor-element elementor-element-41615a7 e-flex e-con-boxed e-con e-child\" data-id=\"41615a7\" data-element_type=\"container\">\n\t\t\t\t\t<div class=\"e-con-inner\">\n\t\t\t\t<div class=\"elementor-element elementor-element-6f5dbcf elementor-widget elementor-widget-image\" data-id=\"6f5dbcf\" data-element_type=\"widget\" data-widget_type=\"image.default\">\n\t\t\t\t<div class=\"elementor-widget-container\">\n\t\t\t\t\t\t\t\t\t\t\t\t\t\t\t<img decoding=\"async\" width=\"150\" height=\"150\" src=\"https:\/\/anadolusaygiosgb.com\/wp-content\/uploads\/2023\/10\/cropped-cropped-e496ae8d-34d8-4a1b-b15b-898cedda7de1-150x150.png\" class=\"attachment-thumbnail size-thumbnail wp-image-2630\" alt=\"\" srcset=\"https:\/\/anadolusaygiosgb.com\/wp-content\/uploads\/2023\/10\/cropped-cropped-e496ae8d-34d8-4a1b-b15b-898cedda7de1-150x150.png 150w, https:\/\/anadolusaygiosgb.com\/wp-content\/uploads\/2023\/10\/cropped-cropped-e496ae8d-34d8-4a1b-b15b-898cedda7de1-300x300.png 300w, https:\/\/anadolusaygiosgb.com\/wp-content\/uploads\/2023\/10\/cropped-cropped-e496ae8d-34d8-4a1b-b15b-898cedda7de1-270x270.png 270w, https:\/\/anadolusaygiosgb.com\/wp-content\/uploads\/2023\/10\/cropped-cropped-e496ae8d-34d8-4a1b-b15b-898cedda7de1-192x192.png 192w, https:\/\/anadolusaygiosgb.com\/wp-content\/uploads\/2023\/10\/cropped-cropped-e496ae8d-34d8-4a1b-b15b-898cedda7de1-180x180.png 180w, https:\/\/anadolusaygiosgb.com\/wp-content\/uploads\/2023\/10\/cropped-cropped-e496ae8d-34d8-4a1b-b15b-898cedda7de1-32x32.png 32w, https:\/\/anadolusaygiosgb.com\/wp-content\/uploads\/2023\/10\/cropped-cropped-e496ae8d-34d8-4a1b-b15b-898cedda7de1.png 512w\" sizes=\"(max-width: 150px) 100vw, 150px\" \/>\t\t\t\t\t\t\t\t\t\t\t\t\t\t\t<\/div>\n\t\t\t\t<\/div>\n\t\t\t\t<div class=\"elementor-element elementor-element-c6d73eb elementor-widget elementor-widget-text-editor\" data-id=\"c6d73eb\" data-element_type=\"widget\" data-widget_type=\"text-editor.default\">\n\t\t\t\t<div class=\"elementor-widget-container\">\n\t\t\t\t\t\t\t\t\t<h4 class=\"title\">Ortak Sa\u011fl\u0131k ve G\u00fcvenlik Birimi (Osgb) Nedir?<\/h4><div class=\"entry\"><p><strong>Ortak Sa\u011fl\u0131k ve G\u00fcvenlik Birimi<\/strong>\u00a0(<strong>OSGB<\/strong>) yasal olarak; \u201c\u00c7al\u0131\u015fma ve Sosyal G\u00fcvenlik Bakanl\u0131\u011f\u0131 taraf\u0131ndan yetkilendirilmi\u015f, \u0130\u015fyerlerine \u0130\u015f Sa\u011fl\u0131\u011f\u0131 ve G\u00fcvenli\u011fi Hizmetlerini vermek \u00fczere kurulmu\u015f, mevzuat\u0131n gerektirdi\u011fi fiziki ve t\u0131bbi donan\u0131ma sahip, i\u015f sa\u011fl\u0131\u011f\u0131 ve g\u00fcvenli\u011fi profesyonellerinin (\u0130\u015fyeri Hekimi, \u0130\u015f G\u00fcvenli\u011fi Uzman\u0131 ve Di\u011fer Sa\u011fl\u0131k Personelinin) olu\u015fturdu\u011fu \u00f6zel kurulu\u015flar\u201d \u015feklinde tan\u0131mlanmaktad\u0131r.<\/p><\/div>\t\t\t\t\t\t\t\t<\/div>\n\t\t\t\t<\/div>\n\t\t\t\t\t<\/div>\n\t\t\t\t<\/div>\n\t\t\t\t<\/div>\n\t\t\t\t\t<\/div>\n\t\t\t\t<\/div>\n\t\t\t\t<\/div>\n\t\t","protected":false},"excerpt":{"rendered":"<p>Ortak Sa\u011fl\u0131k G\u00fcvenlik Birimi Ortak Sa\u011fl\u0131k G\u00fcvenlik Birimi (OSGB), \u0130\u015f Sa\u011fl\u0131\u011f\u0131 ve G\u00fcvenli\u011fi Hizmetleri y\u00f6netmeli\u011fi ile tan\u0131mlanm\u0131\u015f; en son yasal d\u00fczenlemelere g\u00f6re 1 i\u015f\u00e7inin dahi \u00e7al\u0131\u015ft\u0131\u011f\u0131 sanayiden say\u0131lan ve say\u0131lmayan her t\u00fcrl\u00fc i\u015f yerine; i\u015f yeri hekimi ve i\u015f g\u00fcvenli\u011fi uzman\u0131 sa\u011flayan kurulu\u015flard\u0131r.\u00c7al\u0131\u015fma ve Sosyal G\u00fcvenlik Bakanl\u0131\u011f\u0131 taraf\u0131ndan haz\u0131rlanan \u201c\u0130\u015f Sa\u011fl\u0131\u011f\u0131 ve G\u00fcvenli\u011fine \u0130li\u015fkin Tehlike [&hellip;]<\/p>\n","protected":false},"author":1,"featured_media":0,"parent":0,"menu_order":0,"comment_status":"closed","ping_status":"closed","template":"","meta":{"_monsterinsights_skip_tracking":false,"_monsterinsights_sitenote_active":false,"_monsterinsights_sitenote_note":"","_monsterinsights_sitenote_category":0,"footnotes":""},"class_list":["post-2610","page","type-page","status-publish","hentry"],"aioseo_notices":[],"_links":{"self":[{"href":"https:\/\/anadolusaygiosgb.com\/index.php\/wp-json\/wp\/v2\/pages\/2610","targetHints":{"allow":["GET"]}}],"collection":[{"href":"https:\/\/anadolusaygiosgb.com\/index.php\/wp-json\/wp\/v2\/pages"}],"about":[{"href":"https:\/\/anadolusaygiosgb.com\/index.php\/wp-json\/wp\/v2\/types\/page"}],"author":[{"embeddable":true,"href":"https:\/\/anadolusaygiosgb.com\/index.php\/wp-json\/wp\/v2\/users\/1"}],"replies":[{"embeddable":true,"href":"https:\/\/anadolusaygiosgb.com\/index.php\/wp-json\/wp\/v2\/comments?post=2610"}],"version-history":[{"count":4,"href":"https:\/\/anadolusaygiosgb.com\/index.php\/wp-json\/wp\/v2\/pages\/2610\/revisions"}],"predecessor-version":[{"id":2646,"href":"https:\/\/anadolusaygiosgb.com\/index.php\/wp-json\/wp\/v2\/pages\/2610\/revisions\/2646"}],"wp:attachment":[{"href":"https:\/\/anadolusaygiosgb.com\/index.php\/wp-json\/wp\/v2\/media?parent=2610"}],"curies":[{"name":"wp","href":"https:\/\/api.w.org\/{rel}","templated":true}]}}