{"id":2612,"date":"2023-10-30T22:57:21","date_gmt":"2023-10-30T19:57:21","guid":{"rendered":"https:\/\/anadolusaygiosgb.com\/?page_id=2612"},"modified":"2023-10-30T23:51:50","modified_gmt":"2023-10-30T20:51:50","slug":"osgbnin-gorevleri-nelerdir","status":"publish","type":"page","link":"https:\/\/anadolusaygiosgb.com\/index.php\/osgbnin-gorevleri-nelerdir\/","title":{"rendered":"OSGB&#8217;nin G\u00f6revleri Nelerdir?"},"content":{"rendered":"\t\t<div data-elementor-type=\"wp-page\" data-elementor-id=\"2612\" class=\"elementor elementor-2612\">\n\t\t\t\t<div class=\"elementor-element elementor-element-7f84d24 e-flex e-con-boxed e-con e-parent\" data-id=\"7f84d24\" data-element_type=\"container\">\n\t\t\t\t\t<div class=\"e-con-inner\">\n\t\t<div class=\"elementor-element elementor-element-8bb7a21 e-con-full e-flex e-con e-child\" data-id=\"8bb7a21\" data-element_type=\"container\">\n\t\t\t\t<div class=\"elementor-element elementor-element-0d7075f elementor-widget elementor-widget-image\" data-id=\"0d7075f\" data-element_type=\"widget\" data-widget_type=\"image.default\">\n\t\t\t\t<div class=\"elementor-widget-container\">\n\t\t\t\t\t\t\t\t\t\t\t\t\t\t\t<img fetchpriority=\"high\" decoding=\"async\" width=\"720\" height=\"356\" src=\"https:\/\/anadolusaygiosgb.com\/wp-content\/uploads\/2023\/10\/osgb-hizmeti.jpg\" class=\"attachment-large size-large wp-image-2647\" alt=\"\" srcset=\"https:\/\/anadolusaygiosgb.com\/wp-content\/uploads\/2023\/10\/osgb-hizmeti.jpg 720w, https:\/\/anadolusaygiosgb.com\/wp-content\/uploads\/2023\/10\/osgb-hizmeti-300x148.jpg 300w\" sizes=\"(max-width: 720px) 100vw, 720px\" \/>\t\t\t\t\t\t\t\t\t\t\t\t\t\t\t<\/div>\n\t\t\t\t<\/div>\n\t\t\t\t<\/div>\n\t\t<div class=\"elementor-element elementor-element-6ad0233 e-con-full e-flex e-con e-child\" data-id=\"6ad0233\" data-element_type=\"container\">\n\t\t<div class=\"elementor-element elementor-element-a083888 e-flex e-con-boxed e-con e-child\" data-id=\"a083888\" data-element_type=\"container\">\n\t\t\t\t\t<div class=\"e-con-inner\">\n\t\t\t\t<div class=\"elementor-element elementor-element-0b3eebe elementor-widget elementor-widget-text-editor\" data-id=\"0b3eebe\" data-element_type=\"widget\" data-widget_type=\"text-editor.default\">\n\t\t\t\t<div class=\"elementor-widget-container\">\n\t\t\t\t\t\t\t\t\t<h4>Ortak Sa\u011fl\u0131k ve G\u00fcvenlik Birimlerinin\u00a0(OSGB) g\u00f6revleri nelerdir?<\/h4><p>OSGB&#8217;lerin temel g\u00f6revleri \u015funlard\u0131r;<\/p><ul><li>\u0130\u015f G\u00fcvenli\u011fi Uzmanl\u0131\u011f\u0131<\/li><li>\u0130\u015fyeri Hekimli\u011fi<\/li><li>\u0130\u015f Sa\u011fl\u0131\u011f\u0131 ve G\u00fcvenli\u011fi E\u011fitimleri<\/li><li>Rehberlik Ve Dan\u0131\u015fmanl\u0131k Hizmeti<\/li><li>Risk Analizi<\/li><li>Acil Durum Eylem Plan\u0131<\/li><\/ul>\t\t\t\t\t\t\t\t<\/div>\n\t\t\t\t<\/div>\n\t\t\t\t\t<\/div>\n\t\t\t\t<\/div>\n\t\t\t\t<\/div>\n\t\t\t\t\t<\/div>\n\t\t\t\t<\/div>\n\t\t<div class=\"elementor-element elementor-element-4017889 e-flex e-con-boxed e-con e-parent\" data-id=\"4017889\" data-element_type=\"container\">\n\t\t\t\t\t<div class=\"e-con-inner\">\n\t\t\t\t<div class=\"elementor-element elementor-element-0f203f8 elementor-widget elementor-widget-text-editor\" data-id=\"0f203f8\" data-element_type=\"widget\" data-widget_type=\"text-editor.default\">\n\t\t\t\t<div class=\"elementor-widget-container\">\n\t\t\t\t\t\t\t\t\t<h5>OSGB ile \u00e7al\u0131\u015fman\u0131n avantajlar\u0131 nelerdir?<\/h5><p>&#8211; OSGB ile anla\u015fan i\u015fyerleri, b\u00fcnyesinde i\u015f g\u00fcvenli\u011fi uzman\u0131, i\u015fyeri hekimi ve di\u011fer sa\u011fl\u0131k personelini b\u00fcnyesinde \u00e7al\u0131\u015ft\u0131rmakla y\u00fck\u00fcml\u00fc olmazlar.\u00a0<\/p><p>&#8211; \u0130\u015fyerindeki personelin t\u00fcm sosyal ve g\u00fcvenlik haklar\u0131 i\u015fyerinin hizmet ald\u0131\u011f\u0131 OSGB&#8217;nin sorumlulu\u011funda olur.<\/p><p>&#8211; Ortak Sa\u011fl\u0131k ve G\u00fcvenlik Birimi, i\u015f sa\u011fl\u0131\u011f\u0131 ve g\u00fcvenli\u011fi hizmetini tek elden y\u00fcr\u00fctece\u011fi i\u00e7in, i\u015f sa\u011fl\u0131\u011f\u0131 ve g\u00fcvenli\u011fi kurulunun kararlar\u0131n\u0131 uygulamak daha kolay gelir.<\/p>\t\t\t\t\t\t\t\t<\/div>\n\t\t\t\t<\/div>\n\t\t\t\t\t<\/div>\n\t\t\t\t<\/div>\n\t\t\t\t<\/div>\n\t\t","protected":false},"excerpt":{"rendered":"<p>Ortak Sa\u011fl\u0131k ve G\u00fcvenlik Birimlerinin\u00a0(OSGB) g\u00f6revleri nelerdir? OSGB&#8217;lerin temel g\u00f6revleri \u015funlard\u0131r; \u0130\u015f G\u00fcvenli\u011fi Uzmanl\u0131\u011f\u0131 \u0130\u015fyeri Hekimli\u011fi \u0130\u015f Sa\u011fl\u0131\u011f\u0131 ve G\u00fcvenli\u011fi E\u011fitimleri Rehberlik Ve Dan\u0131\u015fmanl\u0131k Hizmeti Risk Analizi Acil Durum Eylem Plan\u0131 OSGB ile \u00e7al\u0131\u015fman\u0131n avantajlar\u0131 nelerdir? &#8211; OSGB ile anla\u015fan i\u015fyerleri, b\u00fcnyesinde i\u015f g\u00fcvenli\u011fi uzman\u0131, i\u015fyeri hekimi ve di\u011fer sa\u011fl\u0131k personelini b\u00fcnyesinde \u00e7al\u0131\u015ft\u0131rmakla y\u00fck\u00fcml\u00fc olmazlar.\u00a0 [&hellip;]<\/p>\n","protected":false},"author":1,"featured_media":0,"parent":0,"menu_order":0,"comment_status":"closed","ping_status":"closed","template":"","meta":{"_monsterinsights_skip_tracking":false,"_monsterinsights_sitenote_active":false,"_monsterinsights_sitenote_note":"","_monsterinsights_sitenote_category":0,"footnotes":""},"class_list":["post-2612","page","type-page","status-publish","hentry"],"aioseo_notices":[],"_links":{"self":[{"href":"https:\/\/anadolusaygiosgb.com\/index.php\/wp-json\/wp\/v2\/pages\/2612","targetHints":{"allow":["GET"]}}],"collection":[{"href":"https:\/\/anadolusaygiosgb.com\/index.php\/wp-json\/wp\/v2\/pages"}],"about":[{"href":"https:\/\/anadolusaygiosgb.com\/index.php\/wp-json\/wp\/v2\/types\/page"}],"author":[{"embeddable":true,"href":"https:\/\/anadolusaygiosgb.com\/index.php\/wp-json\/wp\/v2\/users\/1"}],"replies":[{"embeddable":true,"href":"https:\/\/anadolusaygiosgb.com\/index.php\/wp-json\/wp\/v2\/comments?post=2612"}],"version-history":[{"count":4,"href":"https:\/\/anadolusaygiosgb.com\/index.php\/wp-json\/wp\/v2\/pages\/2612\/revisions"}],"predecessor-version":[{"id":2650,"href":"https:\/\/anadolusaygiosgb.com\/index.php\/wp-json\/wp\/v2\/pages\/2612\/revisions\/2650"}],"wp:attachment":[{"href":"https:\/\/anadolusaygiosgb.com\/index.php\/wp-json\/wp\/v2\/media?parent=2612"}],"curies":[{"name":"wp","href":"https:\/\/api.w.org\/{rel}","templated":true}]}}