{"id":2616,"date":"2023-10-30T22:58:28","date_gmt":"2023-10-30T19:58:28","guid":{"rendered":"https:\/\/anadolusaygiosgb.com\/?page_id=2616"},"modified":"2025-12-18T12:51:09","modified_gmt":"2025-12-18T09:51:09","slug":"is-guvenligi-uzmani-hizmetleri","status":"publish","type":"page","link":"https:\/\/anadolusaygiosgb.com\/index.php\/is-guvenligi-uzmani-hizmetleri\/","title":{"rendered":"\u0130\u015f G\u00fcvenli\u011fi Uzman\u0131 Hizmetleri"},"content":{"rendered":"\t\t<div data-elementor-type=\"wp-page\" data-elementor-id=\"2616\" class=\"elementor elementor-2616\">\n\t\t\t\t<div class=\"elementor-element elementor-element-8447282 e-flex e-con-boxed e-con e-parent\" data-id=\"8447282\" data-element_type=\"container\">\n\t\t\t\t\t<div class=\"e-con-inner\">\n\t\t\t\t<div class=\"elementor-element elementor-element-2f1d134 elementor-widget elementor-widget-image\" data-id=\"2f1d134\" data-element_type=\"widget\" data-widget_type=\"image.default\">\n\t\t\t\t<div class=\"elementor-widget-container\">\n\t\t\t\t\t\t\t\t\t\t\t\t\t\t\t<img fetchpriority=\"high\" decoding=\"async\" width=\"1024\" height=\"683\" src=\"https:\/\/anadolusaygiosgb.com\/wp-content\/uploads\/2023\/10\/Kadin-Erkek-MYP_7359-1024x683.jpg\" class=\"attachment-large size-large wp-image-2670\" alt=\"\" srcset=\"https:\/\/anadolusaygiosgb.com\/wp-content\/uploads\/2023\/10\/Kadin-Erkek-MYP_7359-1024x683.jpg 1024w, https:\/\/anadolusaygiosgb.com\/wp-content\/uploads\/2023\/10\/Kadin-Erkek-MYP_7359-300x200.jpg 300w, https:\/\/anadolusaygiosgb.com\/wp-content\/uploads\/2023\/10\/Kadin-Erkek-MYP_7359-768x512.jpg 768w, https:\/\/anadolusaygiosgb.com\/wp-content\/uploads\/2023\/10\/Kadin-Erkek-MYP_7359.jpg 1500w\" sizes=\"(max-width: 1024px) 100vw, 1024px\" \/>\t\t\t\t\t\t\t\t\t\t\t\t\t\t\t<\/div>\n\t\t\t\t<\/div>\n\t\t\t\t\t<\/div>\n\t\t\t\t<\/div>\n\t\t<div class=\"elementor-element elementor-element-da6bf4c e-flex e-con-boxed e-con e-parent\" data-id=\"da6bf4c\" data-element_type=\"container\">\n\t\t\t\t\t<div class=\"e-con-inner\">\n\t\t\t\t<div class=\"elementor-element elementor-element-b50cc33 elementor-widget elementor-widget-text-editor\" data-id=\"b50cc33\" data-element_type=\"widget\" data-widget_type=\"text-editor.default\">\n\t\t\t\t<div class=\"elementor-widget-container\">\n\t\t\t\t\t\t\t\t\t<div class=\"v1elementToProof\"><strong>Anadolu Sayg\u0131 Osgb , \u0130\u015f Sa\u011fl\u0131k ve G\u00fcvenlik Hizmetleri Ltd \u015eti<\/strong> b\u00fcnyesinde g\u00f6revlendirilen A S\u0131n\u0131f\u0131, B S\u0131n\u0131f\u0131 ve C S\u0131n\u0131f\u0131 her \u0130\u015f G\u00fcvenli\u011fi Uzman\u0131, &#8220;6331 Say\u0131l\u0131 \u0130\u015f Sa\u011fl\u0131\u011f\u0131 ve G\u00fcvenli\u011fi Kanunu&#8221; &nbsp;ve&nbsp;&nbsp;&#8220;\u0130\u015f G\u00fcvenli\u011fi Uzman\u0131 G\u00f6rev, Yetki , Sorumluluk ve E\u011fitimleri Hakk\u0131nda Y\u00f6netmelik&#8221; &nbsp;ba\u015fta olmak \u00fczere ilgili yasal mevzuattan kaynakl\u0131 sorumluluklar\u0131n\u0131 g\u00fcncel bilgi birikimi ve \u0130\u015f G\u00fcvenli\u011fi Uzman\u0131&nbsp;olarak edinilmi\u015f saha tecr\u00fcbelerinin \u0131\u015f\u0131\u011f\u0131nda hakk\u0131yla yerine getirmek i\u00e7in \u00f6zveri ile \u00e7al\u0131\u015fmaktad\u0131r.<\/div>\n<div class=\"v1elementToProof\">Alan\u0131nda tecr\u00fcbeli profesyonel adaylar aras\u0131ndan \u00f6zenle se\u00e7ilerek kapsaml\u0131 bir oryantasyon e\u011fitimi sonras\u0131&nbsp;ANADOLU SAYGI OSGB, b\u00fcnyesinde i\u015fe ba\u015flayan farkl\u0131 s\u0131n\u0131flardaki \u0130\u015f G\u00fcvenli\u011fi Uzman\u0131&nbsp;arkada\u015flar\u0131m\u0131z, g\u00f6revlendirildikleri firmalara \u0130\u015f Sa\u011fl\u0131\u011f\u0131 ve G\u00fcvenli\u011fi&nbsp;Koordinat\u00f6r\u00fc g\u00f6zetiminde hizmet vermektedir.<\/div>\n<div class=\"v1elementToProof\">&nbsp;<\/div>\n<div>\u0130\u015f G\u00fcvenli\u011fi Uzman\u0131 G\u00f6revleri ve \u00c7al\u0131\u015fma S\u00fcresi Hesaplama<\/div>\n<div>\u0130\u015f g\u00fcvenli\u011fi uzmanlar\u0131 tehlikelerin belirlenmesinde, tehdit olu\u015fturan unsurlar hakk\u0131nda fikir sahibi olan \u00e7al\u0131\u015fanlar\u0131n da fikirlerini alarak g\u00fcvenli\u011fi sa\u011flamak a\u00e7\u0131s\u0131ndan al\u0131nmas\u0131 gereken tedbirler hakk\u0131nda i\u015fverene yaz\u0131l\u0131 olarak bilgi vermek zorundad\u0131r. Olu\u015fabilecek herhangi yang\u0131n veya patlamalar\u0131n \u00f6nleminin \u00f6nceden al\u0131nm\u0131\u015f olmas\u0131n\u0131 sa\u011flamak ve do\u011fal afet gibi konularda acil plan uygulamas\u0131n\u0131n haz\u0131rlanm\u0131\u015f olmas\u0131n\u0131 sa\u011flamal\u0131d\u0131r.<\/div>\n<div>\u0130\u015fyerinde sa\u011flanan g\u00fcvenlik \u00e7al\u0131\u015fmalar\u0131 ve \u00e7al\u0131\u015fma ortam\u0131n\u0131n denetim sonu\u00e7lar\u0131 uzman taraf\u0131ndan kaydedilmeli, raporlar i\u015fyeri hekimi ile birlikte haz\u0131rlanmal\u0131d\u0131r. T\u00fcm bu \u00e7al\u0131\u015fmalar periyodik olarak bak\u0131m ve kontrole tabi tutulmal\u0131 ve uygulamalar\u0131 yap\u0131lmal\u0131d\u0131r.<\/div>\n<div>\u00c7al\u0131\u015fan personel i\u015f sa\u011fl\u0131\u011f\u0131 ve g\u00fcvenli\u011fi ile ilgili olabilecek her konuda bilgilendirilmelidir. Bunun i\u00e7in uzman\u0131n ait oldu\u011fu tehlike s\u0131n\u0131f\u0131ndaki riskleri ayr\u0131nt\u0131l\u0131 bir \u015fekilde g\u00f6zden ge\u00e7irmi\u015f ve sindirmi\u015f olmas\u0131 gerekir. \u00c7al\u0131\u015fanlara yap\u0131lan e\u011fitimler belli aral\u0131klarla tekrarlanmal\u0131 ve bilgilendirme faaliyetleri i\u015fverenin onay\u0131na sunularak uygulanmas\u0131 takip edilmelidir. \u00c7al\u0131\u015fanlar\u0131n gerekli yerlerde \u00e7al\u0131\u015fma izni i\u00e7in kullan\u0131lacak zorunlu belgeleri haz\u0131rlamak da uzmanlar\u0131n g\u00f6revleri d\u00e2hilindedir.<\/div>\n<div>\u0130\u015f G\u00fcvenli\u011fi Uzmanlar\u0131n\u0131n G\u00f6rev, Yetki, Sorumluluk ve E\u011fitimleri Hakk\u0131nda Y\u00f6netmelik \u00e7er\u00e7evesinde, &nbsp;belirtilen g\u00f6revlerini yerine getirmek i\u00e7in a\u015fa\u011f\u0131daki s\u00fcreler i\u00e7inde g\u00f6rev yaparlar :<\/div>\n<div>\u0130\u015f G\u00fcvenli\u011fi Uzmanlar\u0131n\u0131n G\u00f6rev, Yetki, Sorumluluk ve E\u011fitimleri Hakk\u0131nda Y\u00f6netmelik<\/div>\n<ol start=\"1\">\n<li>Az tehlikeli s\u0131n\u0131fta yer alanlarda, \u00e7al\u0131\u015fan ba\u015f\u0131na ayda en az 10 dakika.<\/li>\n<li>Tehlikeli s\u0131n\u0131fta yer alanlarda, \u00e7al\u0131\u015fan ba\u015f\u0131na ayda en az 20 dakika.<\/li>\n<li>\u00c7ok tehlikeli s\u0131n\u0131fta yer alanlarda, \u00e7al\u0131\u015fan ba\u015f\u0131na ayda en az 40 dakika.<\/li>\n<\/ol>\n<div>Az tehlikeli s\u0131n\u0131fta yer alan 1000&nbsp;ve daha fazla \u00e7al\u0131\u015fan\u0131 olan i\u015fyerlerinde her 1000 \u00e7al\u0131\u015fan i\u00e7in tam g\u00fcn \u00e7al\u0131\u015facak en az bir i\u015f g\u00fcvenli\u011fi uzman\u0131 g\u00f6revlendirilir. \u00c7al\u0131\u015fan say\u0131s\u0131n\u0131n 2000&#8217;nin tam katlar\u0131ndan fazla olmas\u0131 durumunda geriye kalan \u00e7al\u0131\u015fan say\u0131s\u0131 g\u00f6z \u00f6n\u00fcnde bulundurularak birinci f\u0131krada belirtilen kriterlere uygun yeteri kadar \u0130\u015f G\u00fcvenli\u011fi Uzman\u0131 ek olarak g\u00f6revlendirilir.<\/div>\n<div>Tehlikeli s\u0131n\u0131fta yer alan 500&nbsp;ve daha fazla \u00e7al\u0131\u015fan\u0131 olan i\u015fyerlerinde her 500 \u00e7al\u0131\u015fan i\u00e7in tam g\u00fcn \u00e7al\u0131\u015facak en az bir i\u015f g\u00fcvenli\u011fi uzman\u0131 g\u00f6revlendirilir. \u00c7al\u0131\u015fan say\u0131s\u0131n\u0131n 1500&#8217;\u00fcn tam katlar\u0131ndan fazla olmas\u0131 durumunda geriye kalan \u00e7al\u0131\u015fan say\u0131s\u0131 g\u00f6z \u00f6n\u00fcnde bulundurularak birinci f\u0131krada belirtilen kriterlere uygun yeteri kadar \u0130\u015f G\u00fcvenli\u011fi Uzman\u0131 ek olarak g\u00f6revlendirilir.<\/div>\n<div>\u00c7ok tehlikeli s\u0131n\u0131fta yer alan&nbsp;250&nbsp;ve daha fazla \u00e7al\u0131\u015fan\u0131 olan i\u015fyerlerinde her 250 \u00e7al\u0131\u015fan i\u00e7in tam g\u00fcn \u00e7al\u0131\u015facak en az bir i\u015f g\u00fcvenli\u011fi uzman\u0131 g\u00f6revlendirilir. \u00c7al\u0131\u015fan say\u0131s\u0131n\u0131n 250&#8217;nin tam katlar\u0131ndan fazla olmas\u0131 durumunda geriye kalan \u00e7al\u0131\u015fan say\u0131s\u0131 g\u00f6z \u00f6n\u00fcnde bulundurularak birinci f\u0131krada belirtilen kriterlere uygun yeteri kadar \u0130\u015f G\u00fcvenli\u011fi Uzman\u0131 ek olarak g\u00f6revlendirilir.<\/div>\n<div class=\"v1elementToProof\">&nbsp;<b style=\"text-align: var(--text-align); color: var(--body-color); background-color: var(--bs-body-bg);\">&nbsp;<\/b><\/div>\n<div class=\"v1elementToProof\"><br><\/div>\t\t\t\t\t\t\t\t<\/div>\n\t\t\t\t<\/div>\n\t\t\t\t\t<\/div>\n\t\t\t\t<\/div>\n\t\t\t\t<\/div>\n\t\t","protected":false},"excerpt":{"rendered":"<p>Anadolu Sayg\u0131 Osgb , \u0130\u015f Sa\u011fl\u0131k ve G\u00fcvenlik Hizmetleri Ltd \u015eti b\u00fcnyesinde g\u00f6revlendirilen A S\u0131n\u0131f\u0131, B S\u0131n\u0131f\u0131 ve C S\u0131n\u0131f\u0131 her \u0130\u015f G\u00fcvenli\u011fi Uzman\u0131, &#8220;6331 Say\u0131l\u0131 \u0130\u015f Sa\u011fl\u0131\u011f\u0131 ve G\u00fcvenli\u011fi Kanunu&#8221; &nbsp;ve&nbsp;&nbsp;&#8220;\u0130\u015f G\u00fcvenli\u011fi Uzman\u0131 G\u00f6rev, Yetki , Sorumluluk ve E\u011fitimleri Hakk\u0131nda Y\u00f6netmelik&#8221; &nbsp;ba\u015fta olmak \u00fczere ilgili yasal mevzuattan kaynakl\u0131 sorumluluklar\u0131n\u0131 g\u00fcncel bilgi birikimi ve \u0130\u015f [&hellip;]<\/p>\n","protected":false},"author":1,"featured_media":0,"parent":0,"menu_order":0,"comment_status":"closed","ping_status":"closed","template":"","meta":{"_monsterinsights_skip_tracking":false,"_monsterinsights_sitenote_active":false,"_monsterinsights_sitenote_note":"","_monsterinsights_sitenote_category":0,"footnotes":""},"class_list":["post-2616","page","type-page","status-publish","hentry"],"aioseo_notices":[],"_links":{"self":[{"href":"https:\/\/anadolusaygiosgb.com\/index.php\/wp-json\/wp\/v2\/pages\/2616","targetHints":{"allow":["GET"]}}],"collection":[{"href":"https:\/\/anadolusaygiosgb.com\/index.php\/wp-json\/wp\/v2\/pages"}],"about":[{"href":"https:\/\/anadolusaygiosgb.com\/index.php\/wp-json\/wp\/v2\/types\/page"}],"author":[{"embeddable":true,"href":"https:\/\/anadolusaygiosgb.com\/index.php\/wp-json\/wp\/v2\/users\/1"}],"replies":[{"embeddable":true,"href":"https:\/\/anadolusaygiosgb.com\/index.php\/wp-json\/wp\/v2\/comments?post=2616"}],"version-history":[{"count":11,"href":"https:\/\/anadolusaygiosgb.com\/index.php\/wp-json\/wp\/v2\/pages\/2616\/revisions"}],"predecessor-version":[{"id":2746,"href":"https:\/\/anadolusaygiosgb.com\/index.php\/wp-json\/wp\/v2\/pages\/2616\/revisions\/2746"}],"wp:attachment":[{"href":"https:\/\/anadolusaygiosgb.com\/index.php\/wp-json\/wp\/v2\/media?parent=2616"}],"curies":[{"name":"wp","href":"https:\/\/api.w.org\/{rel}","templated":true}]}}