{"id":2618,"date":"2023-10-30T22:59:40","date_gmt":"2023-10-30T19:59:40","guid":{"rendered":"https:\/\/anadolusaygiosgb.com\/?page_id=2618"},"modified":"2024-08-14T14:02:53","modified_gmt":"2024-08-14T11:02:53","slug":"is-yeri-hekimi-hizmetleri","status":"publish","type":"page","link":"https:\/\/anadolusaygiosgb.com\/index.php\/is-yeri-hekimi-hizmetleri\/","title":{"rendered":"\u0130\u015f Yeri Hekimi Hizmetleri"},"content":{"rendered":"\t\t<div data-elementor-type=\"wp-page\" data-elementor-id=\"2618\" class=\"elementor elementor-2618\">\n\t\t\t\t<div class=\"elementor-element elementor-element-529dc12 e-flex e-con-boxed e-con e-parent\" data-id=\"529dc12\" data-element_type=\"container\">\n\t\t\t\t\t<div class=\"e-con-inner\">\n\t\t\t\t<div class=\"elementor-element elementor-element-bb1acf3 elementor-widget elementor-widget-image\" data-id=\"bb1acf3\" data-element_type=\"widget\" data-widget_type=\"image.default\">\n\t\t\t\t<div class=\"elementor-widget-container\">\n\t\t\t\t\t\t\t\t\t\t\t\t\t\t\t<img fetchpriority=\"high\" decoding=\"async\" width=\"1024\" height=\"512\" src=\"https:\/\/anadolusaygiosgb.com\/wp-content\/uploads\/2023\/10\/Depositphotos_132925148_l-2015-1100x734-1100x550-1-1024x512.jpg\" class=\"attachment-large size-large wp-image-2675\" alt=\"\" srcset=\"https:\/\/anadolusaygiosgb.com\/wp-content\/uploads\/2023\/10\/Depositphotos_132925148_l-2015-1100x734-1100x550-1-1024x512.jpg 1024w, https:\/\/anadolusaygiosgb.com\/wp-content\/uploads\/2023\/10\/Depositphotos_132925148_l-2015-1100x734-1100x550-1-300x150.jpg 300w, https:\/\/anadolusaygiosgb.com\/wp-content\/uploads\/2023\/10\/Depositphotos_132925148_l-2015-1100x734-1100x550-1-768x384.jpg 768w, https:\/\/anadolusaygiosgb.com\/wp-content\/uploads\/2023\/10\/Depositphotos_132925148_l-2015-1100x734-1100x550-1.jpg 1100w\" sizes=\"(max-width: 1024px) 100vw, 1024px\" \/>\t\t\t\t\t\t\t\t\t\t\t\t\t\t\t<\/div>\n\t\t\t\t<\/div>\n\t\t\t\t\t<\/div>\n\t\t\t\t<\/div>\n\t\t<div class=\"elementor-element elementor-element-386bbac e-flex e-con-boxed e-con e-parent\" data-id=\"386bbac\" data-element_type=\"container\">\n\t\t\t\t\t<div class=\"e-con-inner\">\n\t\t\t\t<div class=\"elementor-element elementor-element-711f4c0 elementor-widget elementor-widget-text-editor\" data-id=\"711f4c0\" data-element_type=\"widget\" data-widget_type=\"text-editor.default\">\n\t\t\t\t<div class=\"elementor-widget-container\">\n\t\t\t\t\t\t\t\t\t<p><strong>\u0130\u015fyeri Hekimli\u011fi Hizmetleri<\/strong><\/p>\n<p>\u0130\u015fletmenin \u00e7al\u0131\u015fan say\u0131s\u0131na g\u00f6re i\u015fyeri hekimi g\u00f6revlendirilmesi.<\/p>\n<p>Sa\u011fl\u0131k g\u00f6zetimi 6331 say\u0131l\u0131 \u0130\u015f Sa\u011fl\u0131\u011f\u0131 ve G\u00fcvenli\u011fi Kanununun 15&#8217;nci maddesine g\u00f6re i\u015fverenler \u00e7al\u0131\u015fanlar\u0131n;<\/p>\n<p>*\u0130\u015fe giri\u015f ve d\u00f6n\u00fc\u015f muayenelerin yap\u0131lmas\u0131.<\/p>\n<p>*Periyodik muayenelerin yap\u0131lmas\u0131.<\/p>\n<p>*Gerekli hallerde poliklinik hizmeti verilmesi.<\/p>\n<p>*Dan\u0131\u015fmanl\u0131k<\/p>\n<p>*\u0130\u015fyeri kazalar\u0131 ve meslek hastal\u0131klar\u0131 takibini yapmak.<\/p>\n<p>*\u0130\u015fyeri hijyeninin sa\u011flanmas\u0131nda rehberlik ve takip. *\u0130SG Kurul toplant\u0131lar\u0131na kat\u0131lmak.<\/p>\n<p>*Risk De\u011ferlendirme ekibinde yer almak.<\/p>\n<p>*\u0130\u015fveren i\u015f sa\u011fl\u0131\u011f\u0131 konusunda rehberlik ve dan\u0131\u015fmanl\u0131k yapmak.<\/p><div class=\"v1elementToProof\">6331 Say\u0131l\u0131 Yasa ile Meslek hastal\u0131\u011f\u0131n\u0131n meydana gelmesi, v\u00fccut b\u00fct\u00fcnl\u00fc\u011f\u00fcn\u00fc bozacak bir i\u015f kazas\u0131 ve hatta en k\u00f6t\u00fc sonu\u00e7lanabilecek olan i\u015f\u00e7i \u00f6l\u00fcm\u00fcn\u00fcn \u00f6n\u00fcne ge\u00e7ilebilmesi i\u00e7in i\u015fyeri hekimi bulundurma zorunlulu\u011fu getirilmi\u015ftir. \u0130\u015fyeri Hekimli\u011fi Belgesi al\u0131nabilmesi i\u00e7in;&nbsp;\u00c7al\u0131\u015fma ve Sosyal G\u00fcvenlik Bakanl\u0131\u011f\u0131&#8217;n\u0131n b\u00fcnyesinde olan e\u011fitim kurumlar\u0131nda e\u011fitim alm\u0131\u015f ve Bakanl\u0131\u011f\u0131n d\u00fczenledi\u011fi s\u0131navlardan ba\u015far\u0131l\u0131 bir \u015fekilde ge\u00e7ilmesi gerekmektedir.<\/div><div class=\"v1elementToProof\">&nbsp;<\/div><div>\u0130\u015fyeri Hekiminin G\u00f6revleri ve \u00c7al\u0131\u015fma S\u00fcreleri<\/div><div>\u0130\u015fyeri hekimi, sa\u011fl\u0131k ve g\u00fcvenlik aras\u0131ndaki ba\u011f\u0131 olu\u015fturan bir k\u00f6pr\u00fc \u00f6zelli\u011findedir. \u00c7al\u0131\u015fma ortam\u0131n\u0131n risklerinin uzman hekimler taraf\u0131ndan en aza indirilmesi i\u00e7in i\u015fverenden yap\u0131lmas\u0131n\u0131 istedi\u011fi \u00e7al\u0131\u015fmalar asla maliyet olarak g\u00f6r\u00fclmemelidir. Yap\u0131lan \u00e7al\u0131\u015fmalar sayesinde i\u015fyerinin g\u00fcvenli ve sa\u011fl\u0131kl\u0131 hale getirilmesi, gelecekte meydana gelebilecek herhangi bir kazada \u00f6denecek tazminat, tedavi rehabilitasyon maliyetlerinin \u00f6n\u00fcne ge\u00e7ilece\u011finden yat\u0131r\u0131m olarak de\u011ferlendirilmelidir. \u00d6nlemler sayesinde kaza ve s\u0131k g\u00f6r\u00fclen hastal\u0131klara ba\u011fl\u0131 olarak ger\u00e7ekle\u015febilecek i\u015f g\u00fcc\u00fc ve i\u015f g\u00fcn\u00fc kay\u0131plar\u0131n\u0131n da b\u00fcy\u00fck \u00f6l\u00e7\u00fcde \u00f6n\u00fcne ge\u00e7ilmesi i\u015fveren i\u00e7in b\u00fcy\u00fck bir art\u0131 olu\u015fturacakt\u0131r.<\/div><ul><li>\u0130\u015fyeri hekiminin \u00f6ncelikli g\u00f6revleri mevcut i\u015fyerindeki sa\u011fl\u0131k g\u00f6zetimini sa\u011flamak, i\u015f\u00e7ilere ve i\u015fverene yol g\u00f6stermektir.<\/li><li>\u00c7al\u0131\u015fma ortam\u0131na ait herhangi bir tasar\u0131m eksikli\u011fi var ise bu konuda y\u00f6neticiyi bilgilendirmek i\u015fyeri hekiminin g\u00f6revidir.<\/li><li>Hekim; \u00e7al\u0131\u015fmalar ger\u00e7ekle\u015ftirilirken personelin kullanaca\u011f\u0131 koruyucular\u0131n se\u00e7ilmesi, \u00e7al\u0131\u015fanlar\u0131n sa\u011fl\u0131k durumlar\u0131n\u0131n incelenmesi ve g\u00f6zetiminin ger\u00e7ekle\u015ftirilmesi, yap\u0131lan i\u015f sebebiyle olu\u015fabilecek stres fakt\u00f6rlerini ara\u015ft\u0131rmak ve \u00e7al\u0131\u015fanlar\u0131 bundan korumak i\u00e7in gerekli etkinlikleri ger\u00e7ekle\u015ftirmek, \u00e7al\u0131\u015fanlar\u0131n fiziksel ve psikolojik kapasitelerini tartarak i\u015f ile uyumlar\u0131 hakk\u0131nda yetkiliye dan\u0131\u015fmanl\u0131k yapmal\u0131d\u0131r<\/li><li>Meydana gelmi\u015f olan meslek hastal\u0131klar\u0131n\u0131n kay\u0131tlar\u0131n\u0131n tutulmas\u0131, herhangi bir kazaya sebebiyet vermedi\u011fi halde bu riski ta\u015f\u0131yan durumlar\u0131n tespit edilip listelenmesi durumlar\u0131 mutlaka hekim taraf\u0131ndan yaz\u0131l\u0131 olarak i\u015fverene aktar\u0131lmal\u0131d\u0131r.<\/li><li>Gebelik durumunda olan, \u00f6nceden i\u015f kazas\u0131 ge\u00e7irmi\u015f, 18 ya\u015f\u0131ndan k\u00fc\u00e7\u00fck olan gibi \u00f6zel durumlara sahip \u00e7al\u0131\u015fanlar\u0131n takibi yak\u0131ndan yap\u0131l\u0131p koruma alt\u0131na al\u0131nmal\u0131d\u0131r ve bu durum risk analizinde hekimin g\u00f6zetimiyle incelenmelidir.<\/li><li>\u00c7al\u0131\u015fanlar\u0131n sa\u011fl\u0131k ge\u00e7mi\u015finin incelenmesinin yan\u0131nda giri\u015f, i\u015fe d\u00f6n\u00fc\u015f, sa\u011fl\u0131k kontrollerinin d\u00fczenli bir \u015fekilde devam\u0131n\u0131n sa\u011flanmas\u0131 ve koruyucu sa\u011fl\u0131k m\u00fcdahalelerinin yap\u0131lmas\u0131 hekimin g\u00f6revleri aras\u0131ndad\u0131r.<\/li><li>Belirlenen tehlike s\u0131n\u0131flar\u0131na g\u00f6re yap\u0131lacak muayeneler az tehlikeli s\u0131n\u0131ftaki i\u015f yerlerinde en ge\u00e7 5 y\u0131lda&nbsp;bir, tehlikeli s\u0131n\u0131ftakilerde en ge\u00e7 3 y\u0131lda&nbsp;bir ve \u00e7ok tehlikeli i\u015fyerlerinde en ge\u00e7 2 y\u0131lda&nbsp;&nbsp;kez olmak \u00fczere ger\u00e7ekle\u015ftirilmelidir.<\/li><\/ul><div>\u0130\u015eYER\u0130 HEK\u0130M\u0130 VE D\u0130\u011eER SA\u011eLIK PERSONEL\u0130N\u0130N G\u00d6REV, YETK\u0130, SORUMLULUK VE E\u011e\u0130T\u0130MLER\u0130 HAKKINDA Y\u00d6NETMEL\u0130K<\/div><div>\u0130lk Yay\u0131mland\u0131\u011f\u0131 Resmi Gazete Tarihi\/Say\u0131s\u0131: 20.07.2013\/28713 &#8216;dir daha sonralar\u0131 revizeler yap\u0131larak yay\u0131nlanm\u0131\u015ft\u0131r.<\/div><div>MADDE 12 \u2013<\/div><div class=\"v1elementToProof\">(1) \u0130\u015fyeri hekimleri, bu Y\u00f6netmelikte belirtilen g\u00f6revlerini yerine getirmek i\u00e7in a\u015fa\u011f\u0131da belirtilen s\u00fcrelerde g\u00f6rev yaparlar;<\/div><ol start=\"4\"><li>a) Az tehlikeli s\u0131n\u0131fta yer alanlarda, \u00e7al\u0131\u015fan ba\u015f\u0131na ayda en az 5 dakika,<\/li><li>b) Tehlikeli s\u0131n\u0131fta yer alanlarda, \u00e7al\u0131\u015fan ba\u015f\u0131na ayda en az 10 dakika,<\/li><li>c) \u00c7ok tehlikeli s\u0131n\u0131fta yer alanlarda, \u00e7al\u0131\u015fan ba\u015f\u0131na ayda en az 15 dakika,<\/li><\/ol><div>(2)&nbsp;Az tehlikeli s\u0131n\u0131fta yer alan&nbsp;2000&nbsp;ve daha fazla \u00e7al\u0131\u015fan\u0131 olan i\u015fyerlerinde her 2000 \u00e7al\u0131\u015fan i\u00e7in tam g\u00fcn \u00e7al\u0131\u015facak en az bir i\u015fyeri hekimi g\u00f6revlendirilir. \u00c7al\u0131\u015fan say\u0131s\u0131n\u0131n 2000&#8217;in tam katlar\u0131ndan fazla olmas\u0131 durumunda geriye kalan \u00e7al\u0131\u015fan say\u0131s\u0131 g\u00f6z \u00f6n\u00fcnde bulundurularak birinci f\u0131krada belirtilen kriterlere uygun yeteri kadar i\u015fyeri hekimi ek olarak g\u00f6revlendirilir.<\/div><div>(3)&nbsp;Tehlikeli s\u0131n\u0131fta yer alan 1000&nbsp;ve daha fazla \u00e7al\u0131\u015fan\u0131 olan i\u015fyerlerinde her 1000 \u00e7al\u0131\u015fan i\u00e7in tam g\u00fcn \u00e7al\u0131\u015facak en az bir i\u015fyeri hekimi g\u00f6revlendirilir. \u00c7al\u0131\u015fan say\u0131s\u0131n\u0131n 1000&#8217;in tam katlar\u0131ndan fazla olmas\u0131 durumunda geriye kalan \u00e7al\u0131\u015fan say\u0131s\u0131 g\u00f6z \u00f6n\u00fcnde bulundurularak birinci f\u0131krada belirtilen kriterlere uygun yeteri kadar i\u015fyeri hekimi ek olarak g\u00f6revlendirilir.<\/div><div>(4)&nbsp;\u00c7ok tehlikeli s\u0131n\u0131fta yer alan 750&nbsp;ve daha fazla \u00e7al\u0131\u015fan\u0131 olan i\u015fyerlerinde her 750 \u00e7al\u0131\u015fan i\u00e7in tam g\u00fcn \u00e7al\u0131\u015facak en az bir i\u015fyeri hekimi g\u00f6revlendirilir. \u00c7al\u0131\u015fan say\u0131s\u0131n\u0131n 750&#8217;\u00fcn tam katlar\u0131ndan fazla olmas\u0131 durumunda geriye kalan \u00e7al\u0131\u015fan say\u0131s\u0131 g\u00f6z \u00f6n\u00fcnde bulundurularak birinci f\u0131krada belirtilen kriterlere uygun yeteri kadar i\u015fyeri hekimi ek olarak g\u00f6revlendirilir.<\/div>\t\t\t\t\t\t\t\t<\/div>\n\t\t\t\t<\/div>\n\t\t\t\t\t<\/div>\n\t\t\t\t<\/div>\n\t\t\t\t<\/div>\n\t\t","protected":false},"excerpt":{"rendered":"<p>\u0130\u015fyeri Hekimli\u011fi Hizmetleri \u0130\u015fletmenin \u00e7al\u0131\u015fan say\u0131s\u0131na g\u00f6re i\u015fyeri hekimi g\u00f6revlendirilmesi. Sa\u011fl\u0131k g\u00f6zetimi 6331 say\u0131l\u0131 \u0130\u015f Sa\u011fl\u0131\u011f\u0131 ve G\u00fcvenli\u011fi Kanununun 15&#8217;nci maddesine g\u00f6re i\u015fverenler \u00e7al\u0131\u015fanlar\u0131n; *\u0130\u015fe giri\u015f ve d\u00f6n\u00fc\u015f muayenelerin yap\u0131lmas\u0131. *Periyodik muayenelerin yap\u0131lmas\u0131. *Gerekli hallerde poliklinik hizmeti verilmesi. *Dan\u0131\u015fmanl\u0131k *\u0130\u015fyeri kazalar\u0131 ve meslek hastal\u0131klar\u0131 takibini yapmak. *\u0130\u015fyeri hijyeninin sa\u011flanmas\u0131nda rehberlik ve takip. *\u0130SG Kurul toplant\u0131lar\u0131na [&hellip;]<\/p>\n","protected":false},"author":1,"featured_media":0,"parent":0,"menu_order":0,"comment_status":"closed","ping_status":"closed","template":"","meta":{"_monsterinsights_skip_tracking":false,"_monsterinsights_sitenote_active":false,"_monsterinsights_sitenote_note":"","_monsterinsights_sitenote_category":0,"footnotes":""},"class_list":["post-2618","page","type-page","status-publish","hentry"],"aioseo_notices":[],"_links":{"self":[{"href":"https:\/\/anadolusaygiosgb.com\/index.php\/wp-json\/wp\/v2\/pages\/2618","targetHints":{"allow":["GET"]}}],"collection":[{"href":"https:\/\/anadolusaygiosgb.com\/index.php\/wp-json\/wp\/v2\/pages"}],"about":[{"href":"https:\/\/anadolusaygiosgb.com\/index.php\/wp-json\/wp\/v2\/types\/page"}],"author":[{"embeddable":true,"href":"https:\/\/anadolusaygiosgb.com\/index.php\/wp-json\/wp\/v2\/users\/1"}],"replies":[{"embeddable":true,"href":"https:\/\/anadolusaygiosgb.com\/index.php\/wp-json\/wp\/v2\/comments?post=2618"}],"version-history":[{"count":7,"href":"https:\/\/anadolusaygiosgb.com\/index.php\/wp-json\/wp\/v2\/pages\/2618\/revisions"}],"predecessor-version":[{"id":2737,"href":"https:\/\/anadolusaygiosgb.com\/index.php\/wp-json\/wp\/v2\/pages\/2618\/revisions\/2737"}],"wp:attachment":[{"href":"https:\/\/anadolusaygiosgb.com\/index.php\/wp-json\/wp\/v2\/media?parent=2618"}],"curies":[{"name":"wp","href":"https:\/\/api.w.org\/{rel}","templated":true}]}}