{"id":2620,"date":"2023-10-30T23:05:35","date_gmt":"2023-10-30T20:05:35","guid":{"rendered":"https:\/\/anadolusaygiosgb.com\/?page_id=2620"},"modified":"2023-10-31T01:04:06","modified_gmt":"2023-10-30T22:04:06","slug":"diger-saglik-personeli-hizmetleri","status":"publish","type":"page","link":"https:\/\/anadolusaygiosgb.com\/index.php\/diger-saglik-personeli-hizmetleri\/","title":{"rendered":"Di\u011fer Sa\u011fl\u0131k Personeli Hizmetleri"},"content":{"rendered":"\t\t<div data-elementor-type=\"wp-page\" data-elementor-id=\"2620\" class=\"elementor elementor-2620\">\n\t\t\t\t<div class=\"elementor-element elementor-element-a8354d2 e-flex e-con-boxed e-con e-parent\" data-id=\"a8354d2\" data-element_type=\"container\">\n\t\t\t\t\t<div class=\"e-con-inner\">\n\t\t\t\t<div class=\"elementor-element elementor-element-39b3b95 elementor-widget elementor-widget-image\" data-id=\"39b3b95\" data-element_type=\"widget\" data-widget_type=\"image.default\">\n\t\t\t\t<div class=\"elementor-widget-container\">\n\t\t\t\t\t\t\t\t\t\t\t\t\t\t\t<img fetchpriority=\"high\" decoding=\"async\" width=\"1024\" height=\"584\" src=\"https:\/\/anadolusaygiosgb.com\/wp-content\/uploads\/2023\/10\/hekimfoto-1024x584.jpg\" class=\"attachment-large size-large wp-image-2679\" alt=\"\" srcset=\"https:\/\/anadolusaygiosgb.com\/wp-content\/uploads\/2023\/10\/hekimfoto-1024x584.jpg 1024w, https:\/\/anadolusaygiosgb.com\/wp-content\/uploads\/2023\/10\/hekimfoto-300x171.jpg 300w, https:\/\/anadolusaygiosgb.com\/wp-content\/uploads\/2023\/10\/hekimfoto-768x438.jpg 768w, https:\/\/anadolusaygiosgb.com\/wp-content\/uploads\/2023\/10\/hekimfoto-1536x876.jpg 1536w, https:\/\/anadolusaygiosgb.com\/wp-content\/uploads\/2023\/10\/hekimfoto-2048x1167.jpg 2048w\" sizes=\"(max-width: 1024px) 100vw, 1024px\" \/>\t\t\t\t\t\t\t\t\t\t\t\t\t\t\t<\/div>\n\t\t\t\t<\/div>\n\t\t\t\t\t<\/div>\n\t\t\t\t<\/div>\n\t\t<div class=\"elementor-element elementor-element-e63f113 e-flex e-con-boxed e-con e-parent\" data-id=\"e63f113\" data-element_type=\"container\">\n\t\t\t\t\t<div class=\"e-con-inner\">\n\t\t\t\t<div class=\"elementor-element elementor-element-0f63b17 elementor-widget elementor-widget-text-editor\" data-id=\"0f63b17\" data-element_type=\"widget\" data-widget_type=\"text-editor.default\">\n\t\t\t\t<div class=\"elementor-widget-container\">\n\t\t\t\t\t\t\t\t\t<div class=\"message__80c10 cozyMessage__64ce7 wrapper__09ecc cozy_f5c119 zalgo__39311\" tabindex=\"-1\" role=\"article\" data-list-item-id=\"chat-messages___chat-messages-1165650077646331935-1168648696519463002\" aria-setsize=\"-1\" aria-roledescription=\"Mesaj\" aria-labelledby=\"message-username-1168648039410438225 uid_1 message-content-1168648696519463002 uid_2 message-timestamp-1168648696519463002\"><div class=\"contents_f41bb2\"><div id=\"message-content-1168648696519463002\" class=\"markup_a7e664 messageContent__21e69\"><strong>Di\u011fer Sa\u011fl\u0131k Personeli Hizmeti<\/strong><\/div><div class=\"markup_a7e664 messageContent__21e69\">Di\u011fer Sa\u011fl\u0131k Personeli bulundurma y\u00fck\u00fcml\u00fcl\u00fc\u011f\u00fc \u00e7ok tehlikeli s\u0131n\u0131fta faaliyet g\u00f6stermesi ve 10+ \u00fczeri \u00e7al\u0131\u015fan bulundurulmas\u0131 durumunda ge\u00e7erlidir.<\/div><div class=\"markup_a7e664 messageContent__21e69\">Rehberlik Hizmeti<\/div><div class=\"markup_a7e664 messageContent__21e69\">*Di\u011fer sa\u011fl\u0131k personeli i\u015fyeri hakimi ile birlikte \u00e7al\u0131\u015f\u0131r.<\/div><div>\u00a0<\/div><div class=\"markup_a7e664 messageContent__21e69\">*\u0130\u015f sa\u011fl\u0131\u011f\u0131 ve g\u00fcvenli\u011fi hizmetlerinin planlanmas\u0131, de\u011ferlendirilmesi, izlenmesi ve y\u00f6nlendirilmesinde i\u015fyeri hekimi ile birlikte \u00e7al\u0131\u015fmak ve veri toplamak ve gerekli kay\u0131tlar\u0131 tutmak.<\/div><div>\u00a0<\/div><div class=\"markup_a7e664 messageContent__21e69\">*\u00c7al\u0131\u015fanlar\u0131n sa\u011fl\u0131k ve \u00e7al\u0131\u015fma \u00f6yk\u00fclerini, isg giri\u015f periyodik muayene formuna yazmak ve i\u015fyeri hekimi taraf\u0131ndan yap\u0131lan fiziki muayene s\u0131ras\u0131nda hekime yard\u0131mc\u0131 olmak.<\/div><div>\u00a0<\/div><div class=\"markup_a7e664 messageContent__21e69\">*\u00d6zel politika gerektiren gruplar\u0131n takip edilmesi ve gerekli sa\u011fl\u0131k muayenelerinin yapt\u0131r\u0131lmas\u0131n\u0131 sa\u011flamak.<\/div><div>\u00a0<\/div><div class=\"markup_a7e664 messageContent__21e69\">*\u0130lkyard\u0131m hizmetlerinin organizasyonu ve y\u00fcr\u00fct\u00fclmesinde i\u015fyeri hekimi ile birlikte \u00e7al\u0131\u015fmak.<\/div><div>\u00a0<\/div><div class=\"markup_a7e664 messageContent__21e69\">*\u00c7al\u0131\u015fanlar\u0131n sa\u011fl\u0131k e\u011fitiminde g\u00f6rev almak.<\/div><div>\u00a0<\/div><div class=\"markup_a7e664 messageContent__21e69\">*\u0130\u015fyeri bina ve eklentilerinin genel hijyen \u015fartlar\u0131n\u0131n s\u00fcrekli izlenip denetlenmesinde i\u015fyeri hekimi ile birlikte \u00e7al\u0131\u015fmak.<\/div><div>\u00a0<\/div><div class=\"markup_a7e664 messageContent__21e69\">*\u0130\u015fyerinde g\u00f6revli \u00e7al\u0131\u015fan temsilcisi ve destek elemanlar\u0131n\u0131n \u00e7al\u0131\u015fmalar\u0131na destek olmak ve bu ki\u015filerle i\u015fbirli\u011fi yapmak.<\/div><\/div><\/div>\t\t\t\t\t\t\t\t<\/div>\n\t\t\t\t<\/div>\n\t\t\t\t\t<\/div>\n\t\t\t\t<\/div>\n\t\t\t\t<\/div>\n\t\t","protected":false},"excerpt":{"rendered":"<p>Di\u011fer Sa\u011fl\u0131k Personeli HizmetiDi\u011fer Sa\u011fl\u0131k Personeli bulundurma y\u00fck\u00fcml\u00fcl\u00fc\u011f\u00fc \u00e7ok tehlikeli s\u0131n\u0131fta faaliyet g\u00f6stermesi ve 10+ \u00fczeri \u00e7al\u0131\u015fan bulundurulmas\u0131 durumunda ge\u00e7erlidir.Rehberlik Hizmeti*Di\u011fer sa\u011fl\u0131k personeli i\u015fyeri hakimi ile birlikte \u00e7al\u0131\u015f\u0131r.\u00a0*\u0130\u015f sa\u011fl\u0131\u011f\u0131 ve g\u00fcvenli\u011fi hizmetlerinin planlanmas\u0131, de\u011ferlendirilmesi, izlenmesi ve y\u00f6nlendirilmesinde i\u015fyeri hekimi ile birlikte \u00e7al\u0131\u015fmak ve veri toplamak ve gerekli kay\u0131tlar\u0131 tutmak.\u00a0*\u00c7al\u0131\u015fanlar\u0131n sa\u011fl\u0131k ve \u00e7al\u0131\u015fma \u00f6yk\u00fclerini, isg giri\u015f [&hellip;]<\/p>\n","protected":false},"author":1,"featured_media":0,"parent":0,"menu_order":0,"comment_status":"closed","ping_status":"closed","template":"","meta":{"_monsterinsights_skip_tracking":false,"_monsterinsights_sitenote_active":false,"_monsterinsights_sitenote_note":"","_monsterinsights_sitenote_category":0,"footnotes":""},"class_list":["post-2620","page","type-page","status-publish","hentry"],"aioseo_notices":[],"_links":{"self":[{"href":"https:\/\/anadolusaygiosgb.com\/index.php\/wp-json\/wp\/v2\/pages\/2620","targetHints":{"allow":["GET"]}}],"collection":[{"href":"https:\/\/anadolusaygiosgb.com\/index.php\/wp-json\/wp\/v2\/pages"}],"about":[{"href":"https:\/\/anadolusaygiosgb.com\/index.php\/wp-json\/wp\/v2\/types\/page"}],"author":[{"embeddable":true,"href":"https:\/\/anadolusaygiosgb.com\/index.php\/wp-json\/wp\/v2\/users\/1"}],"replies":[{"embeddable":true,"href":"https:\/\/anadolusaygiosgb.com\/index.php\/wp-json\/wp\/v2\/comments?post=2620"}],"version-history":[{"count":4,"href":"https:\/\/anadolusaygiosgb.com\/index.php\/wp-json\/wp\/v2\/pages\/2620\/revisions"}],"predecessor-version":[{"id":2682,"href":"https:\/\/anadolusaygiosgb.com\/index.php\/wp-json\/wp\/v2\/pages\/2620\/revisions\/2682"}],"wp:attachment":[{"href":"https:\/\/anadolusaygiosgb.com\/index.php\/wp-json\/wp\/v2\/media?parent=2620"}],"curies":[{"name":"wp","href":"https:\/\/api.w.org\/{rel}","templated":true}]}}