{"id":2626,"date":"2023-10-30T23:11:34","date_gmt":"2023-10-30T20:11:34","guid":{"rendered":"https:\/\/anadolusaygiosgb.com\/?page_id=2626"},"modified":"2025-12-23T22:21:10","modified_gmt":"2025-12-23T19:21:10","slug":"is-sagligi-ve-guvenligi-egitimi","status":"publish","type":"page","link":"https:\/\/anadolusaygiosgb.com\/index.php\/is-sagligi-ve-guvenligi-egitimi\/","title":{"rendered":"\u0130\u015f Sa\u011fl\u0131\u011f\u0131 ve G\u00fcvenli\u011fi E\u011fitimi"},"content":{"rendered":"\t\t<div data-elementor-type=\"wp-page\" data-elementor-id=\"2626\" class=\"elementor elementor-2626\">\n\t\t\t\t<div class=\"elementor-element elementor-element-3c9b3bf e-flex e-con-boxed e-con e-parent\" data-id=\"3c9b3bf\" data-element_type=\"container\">\n\t\t\t\t\t<div class=\"e-con-inner\">\n\t\t\t\t<div class=\"elementor-element elementor-element-20c4750 elementor-widget elementor-widget-image\" data-id=\"20c4750\" data-element_type=\"widget\" data-widget_type=\"image.default\">\n\t\t\t\t<div class=\"elementor-widget-container\">\n\t\t\t\t\t\t\t\t\t\t\t\t\t\t\t<img fetchpriority=\"high\" decoding=\"async\" width=\"980\" height=\"280\" src=\"https:\/\/anadolusaygiosgb.com\/wp-content\/uploads\/2023\/10\/learn.jpg\" class=\"attachment-large size-large wp-image-2684\" alt=\"\" srcset=\"https:\/\/anadolusaygiosgb.com\/wp-content\/uploads\/2023\/10\/learn.jpg 980w, https:\/\/anadolusaygiosgb.com\/wp-content\/uploads\/2023\/10\/learn-300x86.jpg 300w, https:\/\/anadolusaygiosgb.com\/wp-content\/uploads\/2023\/10\/learn-768x219.jpg 768w\" sizes=\"(max-width: 980px) 100vw, 980px\" \/>\t\t\t\t\t\t\t\t\t\t\t\t\t\t\t<\/div>\n\t\t\t\t<\/div>\n\t\t\t\t\t<\/div>\n\t\t\t\t<\/div>\n\t\t<div class=\"elementor-element elementor-element-417eb6d e-flex e-con-boxed e-con e-parent\" data-id=\"417eb6d\" data-element_type=\"container\">\n\t\t\t\t\t<div class=\"e-con-inner\">\n\t\t\t\t<div class=\"elementor-element elementor-element-cbb6835 elementor-widget elementor-widget-text-editor\" data-id=\"cbb6835\" data-element_type=\"widget\" data-widget_type=\"text-editor.default\">\n\t\t\t\t<div class=\"elementor-widget-container\">\n\t\t\t\t\t\t\t\t\t<p><strong>\u0130\u015f Sa\u011fl\u0131\u011f\u0131 ve G\u00fcvenli\u011fi E\u011fitimi<\/strong><\/p>\n<p>Anadolu Sayg\u0131 OSGB olarak, 6331 say\u0131l\u0131 i\u015f sa\u011fl\u0131\u011f\u0131 ve g\u00fcvenli\u011fi kanunu kapsam\u0131nda i\u015fyerlerinde \u00e7al\u0131\u015fanlar\u0131n g\u00fcvenlikli ve sa\u011fl\u0131kl\u0131 bir ortamda \u00e7al\u0131\u015fmalar\u0131 i\u00e7in, \u00e7al\u0131\u015fanlara \u0130\u015f G\u00fcvenli\u011fi E\u011fitimleri verilmektedir.<\/p>\n<p>Bunlar s\u0131ras\u0131yla&nbsp;;<\/p>\n<ul>\n<li>G\u00fcvenlik kurallar\u0131 ve i\u015f sa\u011fl\u0131\u011f\u0131 e\u011fitimi<\/li>\n<li>\u0130\u015f kazalar\u0131, meslek hastal\u0131klar\u0131 ve \u00e7al\u0131\u015fma ortam\u0131ndaki riskler<\/li>\n<li>\u00c7al\u0131\u015fanlar\u0131n yasal sorumluluklar\u0131<\/li>\n<li>\u0130\u015fyerinde g\u00fcvenlik ortam\u0131 haz\u0131rlanmas\u0131<\/li>\n<li>Yang\u0131n ve yang\u0131ndan korunma<\/li>\n<li>Elektrik tehlikeleri ve \u00f6nlemleri<\/li>\n<li>\u0130\u015f aletlerinin g\u00fcvenli kullan\u0131m\u0131<\/li>\n<li>Temizlik<\/li>\n<li>Uyar\u0131 i\u015faretleri<\/li>\n<\/ul>\n<p>Temel i\u015f sa\u011fl\u0131\u011f\u0131 ve g\u00fcvenli\u011fi e\u011fitimi&nbsp;tehlike s\u0131n\u0131flar\u0131na g\u00f6re;<\/p>\n<p>\u00c7ok&nbsp;tehlikeli s\u0131n\u0131fta yer alan firmalar i\u00e7in&nbsp; \u00e7al\u0131\u015fan ba\u015f\u0131na 16 saat,<br>Tehlikeli s\u0131n\u0131fta yer alan firmalar i\u00e7in \u00e7al\u0131\u015fan ba\u015f\u0131na&nbsp;12 saat,<br>Az tehlikeli s\u0131n\u0131fta yer alan firmalar i\u00e7in \u00e7al\u0131\u015fan ba\u015f\u0131na 8 saattir.<\/p>\n<p><\/p>\n<div style=\"line-height: normal; margin-top: 1em; margin-bottom: 0.0001pt; font-family: Calibri, Helvetica, sans-serif; font-size: 12pt; color: #000000;\"><br><\/div>\t\t\t\t\t\t\t\t<\/div>\n\t\t\t\t<\/div>\n\t\t\t\t\t<\/div>\n\t\t\t\t<\/div>\n\t\t\t\t<\/div>\n\t\t","protected":false},"excerpt":{"rendered":"<p>\u0130\u015f Sa\u011fl\u0131\u011f\u0131 ve G\u00fcvenli\u011fi E\u011fitimi Anadolu Sayg\u0131 OSGB olarak, 6331 say\u0131l\u0131 i\u015f sa\u011fl\u0131\u011f\u0131 ve g\u00fcvenli\u011fi kanunu kapsam\u0131nda i\u015fyerlerinde \u00e7al\u0131\u015fanlar\u0131n g\u00fcvenlikli ve sa\u011fl\u0131kl\u0131 bir ortamda \u00e7al\u0131\u015fmalar\u0131 i\u00e7in, \u00e7al\u0131\u015fanlara \u0130\u015f G\u00fcvenli\u011fi E\u011fitimleri verilmektedir. Bunlar s\u0131ras\u0131yla&nbsp;; G\u00fcvenlik kurallar\u0131 ve i\u015f sa\u011fl\u0131\u011f\u0131 e\u011fitimi \u0130\u015f kazalar\u0131, meslek hastal\u0131klar\u0131 ve \u00e7al\u0131\u015fma ortam\u0131ndaki riskler \u00c7al\u0131\u015fanlar\u0131n yasal sorumluluklar\u0131 \u0130\u015fyerinde g\u00fcvenlik ortam\u0131 haz\u0131rlanmas\u0131 Yang\u0131n [&hellip;]<\/p>\n","protected":false},"author":1,"featured_media":0,"parent":0,"menu_order":0,"comment_status":"closed","ping_status":"closed","template":"","meta":{"_monsterinsights_skip_tracking":false,"_monsterinsights_sitenote_active":false,"_monsterinsights_sitenote_note":"","_monsterinsights_sitenote_category":0,"footnotes":""},"class_list":["post-2626","page","type-page","status-publish","hentry"],"aioseo_notices":[],"_links":{"self":[{"href":"https:\/\/anadolusaygiosgb.com\/index.php\/wp-json\/wp\/v2\/pages\/2626","targetHints":{"allow":["GET"]}}],"collection":[{"href":"https:\/\/anadolusaygiosgb.com\/index.php\/wp-json\/wp\/v2\/pages"}],"about":[{"href":"https:\/\/anadolusaygiosgb.com\/index.php\/wp-json\/wp\/v2\/types\/page"}],"author":[{"embeddable":true,"href":"https:\/\/anadolusaygiosgb.com\/index.php\/wp-json\/wp\/v2\/users\/1"}],"replies":[{"embeddable":true,"href":"https:\/\/anadolusaygiosgb.com\/index.php\/wp-json\/wp\/v2\/comments?post=2626"}],"version-history":[{"count":10,"href":"https:\/\/anadolusaygiosgb.com\/index.php\/wp-json\/wp\/v2\/pages\/2626\/revisions"}],"predecessor-version":[{"id":2794,"href":"https:\/\/anadolusaygiosgb.com\/index.php\/wp-json\/wp\/v2\/pages\/2626\/revisions\/2794"}],"wp:attachment":[{"href":"https:\/\/anadolusaygiosgb.com\/index.php\/wp-json\/wp\/v2\/media?parent=2626"}],"curies":[{"name":"wp","href":"https:\/\/api.w.org\/{rel}","templated":true}]}}