{"id":40,"date":"2023-07-17T14:25:00","date_gmt":"2023-07-17T14:25:00","guid":{"rendered":"http:\/\/noxiy.local\/?page_id=40"},"modified":"2025-12-23T22:06:48","modified_gmt":"2025-12-23T19:06:48","slug":"about-us","status":"publish","type":"page","link":"https:\/\/anadolusaygiosgb.com\/index.php\/about-us\/","title":{"rendered":"Hakk\u0131m\u0131zda"},"content":{"rendered":"\t\t<div data-elementor-type=\"wp-page\" data-elementor-id=\"40\" class=\"elementor elementor-40\">\n\t\t\t\t\t\t<section class=\"elementor-section elementor-top-section elementor-element elementor-element-d28b46d elementor-section-content-middle elementor-section-boxed elementor-section-height-default elementor-section-height-default\" data-id=\"d28b46d\" data-element_type=\"section\" data-settings=\"{&quot;background_background&quot;:&quot;classic&quot;}\">\n\t\t\t\t\t\t<div class=\"elementor-container elementor-column-gap-default\">\n\t\t\t\t\t<div class=\"elementor-column elementor-col-50 elementor-top-column elementor-element elementor-element-dc60365\" data-id=\"dc60365\" data-element_type=\"column\">\n\t\t\t<div class=\"elementor-widget-wrap elementor-element-populated\">\n\t\t\t\t\t\t<div class=\"elementor-element elementor-element-9700ec2 elementor-widget elementor-widget-image-noxiy\" data-id=\"9700ec2\" data-element_type=\"widget\" data-widget_type=\"image-noxiy.default\">\n\t\t\t\t<div class=\"elementor-widget-container\">\n\t\t\t\t\t\r\n\r\n        \r\n\r\n        \r\n\r\n        \r\n\r\n        \r\n\r\n        \r\n\r\n                \r\n\r\n\r\n                \r\n\r\n\r\n        \r\n\r\n        \r\n        \r\n        \r\n            <div class=\"about__four-left\">\r\n\t\t\t\t<div class=\"about__four-left-image\">\r\n                    <img decoding=\"async\" class=\"about__four-left-image-shape\" src=\"https:\/\/anadolusaygiosgb.com\/wp-content\/uploads\/2023\/07\/benefits.png\" alt=\"No alt text\" \/>                    <img decoding=\"async\" class=\"about__four-left-image-shape-one left-right-animate\" src=\"https:\/\/anadolusaygiosgb.com\/wp-content\/uploads\/2023\/07\/about-7.png\" alt=\"No alt text\" \/>\t\t\t\t\t<div class=\"image-overlay dark__image\">\r\n                        <img decoding=\"async\" class=\"about__four-left-image-one\" src=\"https:\/\/anadolusaygiosgb.com\/wp-content\/uploads\/2023\/07\/about-5.jpg\" alt=\"No alt text\" \/>\t\t\t\t\t<\/div>\r\n\t\t\t\t\t<div class=\"about__four-left-image-two image-overlay dark__image\">\r\n                        <img decoding=\"async\" src=\"https:\/\/anadolusaygiosgb.com\/wp-content\/uploads\/2023\/07\/about-6.jpg\" alt=\"No alt text\" \/>\t\t\t\t\t<\/div>\r\n\t\t\t\t<\/div>\r\n\t\t\t<\/div>\r\n\r\n         \r\n        \r\n        \r\n          \r\n        \r\n\r\n\r\n        \t\t\t\t<\/div>\n\t\t\t\t<\/div>\n\t\t\t\t\t<\/div>\n\t\t<\/div>\n\t\t\t\t<div class=\"elementor-column elementor-col-50 elementor-top-column elementor-element elementor-element-85a7b5b\" data-id=\"85a7b5b\" data-element_type=\"column\">\n\t\t\t<div class=\"elementor-widget-wrap elementor-element-populated\">\n\t\t\t\t\t\t<div class=\"elementor-element elementor-element-c2aa888 elementor-widget elementor-widget-subtitle-noxiy\" data-id=\"c2aa888\" data-element_type=\"widget\" data-widget_type=\"subtitle-noxiy.default\">\n\t\t\t\t<div class=\"elementor-widget-container\">\n\t\t\t\t\t\r\n\r\n        <div class=\"subtitle-noxiy\">\r\n            <img decoding=\"async\" src=\"https:\/\/anadolusaygiosgb.com\/wp-content\/uploads\/2023\/07\/subtitle-1.png\" alt=\"No alt text\" \/>            <span>\r\n                Anadolu Sayg\u0131 OSGB            <\/span>\r\n        <\/div>\r\n\r\n\r\n        \t\t\t\t<\/div>\n\t\t\t\t<\/div>\n\t\t\t\t<div class=\"elementor-element elementor-element-6003ad5 elementor-widget__width-initial elementor-widget-mobile__width-inherit elementor-widget elementor-widget-heading\" data-id=\"6003ad5\" data-element_type=\"widget\" data-widget_type=\"heading.default\">\n\t\t\t\t<div class=\"elementor-widget-container\">\n\t\t\t\t\t<h2 class=\"elementor-heading-title elementor-size-default\">Hakk\u0131m\u0131zda<\/h2>\t\t\t\t<\/div>\n\t\t\t\t<\/div>\n\t\t\t\t<div class=\"elementor-element elementor-element-dd7f34a elementor-widget__width-initial elementor-widget-tablet__width-inherit elementor-widget elementor-widget-heading\" data-id=\"dd7f34a\" data-element_type=\"widget\" data-widget_type=\"heading.default\">\n\t\t\t\t<div class=\"elementor-widget-container\">\n\t\t\t\t\t<p class=\"elementor-heading-title elementor-size-default\">\u0130\u015f sa\u011fl\u0131\u011f\u0131 ve g\u00fcvenli\u011fi ile ilgili t\u00fcm y\u00fck\u00fcml\u00fcl\u00fcklerinizde sizlere rehberlik ediyoruz.\n\nAnadolu Sayg\u0131,Ortak Sa\u011fl\u0131k ve G\u00fcvenlik Birimi Sa\u011fl\u0131k Hiz. Ltd \u015eti 15.07.2014 tarihi itibar\u0131 ile Ortak Sa\u011fl\u0131k G\u00fcvenlik Birimi olarak 4857 say\u0131l\u0131 \u0130\u015f Kanunu ve 6331 say\u0131l\u0131 \u0130\u015f Sa\u011fl\u0131\u011f\u0131 ve G\u00fcvenli\u011fi Kanununun i\u015f yerleri i\u00e7in getirmi\u015f oldu\u011fu y\u00fck\u00fcml\u00fcl\u00fckleri yerine getirmekte yard\u0131mc\u0131 olmak ama\u00e7l\u0131 hizmet veren bir kurulu\u015ftur.\n\nBu do\u011frultuda hizmet verdi\u011fimiz firmalara ihtiya\u00e7 duyduklar\u0131 t\u00fcm hizmetleri hem kendi b\u00fcnyemizde hem de \u00e7\u00f6z\u00fcm ortaklar\u0131m\u0131zla mevzuat ve kurallara uygun olarak hizmet vermekteyiz.<\/p>\t\t\t\t<\/div>\n\t\t\t\t<\/div>\n\t\t\t\t\t<\/div>\n\t\t<\/div>\n\t\t\t\t\t<\/div>\n\t\t<\/section>\n\t\t\t\t<section class=\"elementor-section elementor-top-section elementor-element elementor-element-1c26d2f elementor-section-content-middle elementor-section-boxed elementor-section-height-default elementor-section-height-default\" data-id=\"1c26d2f\" data-element_type=\"section\" data-settings=\"{&quot;background_background&quot;:&quot;classic&quot;}\">\n\t\t\t\t\t\t\t<div class=\"elementor-background-overlay\"><\/div>\n\t\t\t\t\t\t\t<div class=\"elementor-container elementor-column-gap-default\">\n\t\t\t\t\t<div class=\"elementor-column elementor-col-50 elementor-top-column elementor-element elementor-element-ed4ddf3\" data-id=\"ed4ddf3\" data-element_type=\"column\">\n\t\t\t<div class=\"elementor-widget-wrap elementor-element-populated\">\n\t\t\t\t\t\t<div class=\"elementor-element elementor-element-f13f650 elementor-widget elementor-widget-subtitle-noxiy\" data-id=\"f13f650\" data-element_type=\"widget\" data-widget_type=\"subtitle-noxiy.default\">\n\t\t\t\t<div class=\"elementor-widget-container\">\n\t\t\t\t\t\r\n\r\n        <div class=\"subtitle-noxiy\">\r\n            <img decoding=\"async\" src=\"https:\/\/anadolusaygiosgb.com\/wp-content\/uploads\/2023\/07\/subtitle-1.png\" alt=\"No alt text\" \/>            <span>\r\n                Anadolu Sayg\u0131 OSGB            <\/span>\r\n        <\/div>\r\n\r\n\r\n        \t\t\t\t<\/div>\n\t\t\t\t<\/div>\n\t\t\t\t<div class=\"elementor-element elementor-element-f1f140f elementor-widget__width-initial elementor-widget-mobile__width-inherit elementor-widget elementor-widget-heading\" data-id=\"f1f140f\" data-element_type=\"widget\" data-widget_type=\"heading.default\">\n\t\t\t\t<div class=\"elementor-widget-container\">\n\t\t\t\t\t<h2 class=\"elementor-heading-title elementor-size-default\">OSGB Yetki Belgesi<\/h2>\t\t\t\t<\/div>\n\t\t\t\t<\/div>\n\t\t\t\t\t<\/div>\n\t\t<\/div>\n\t\t\t\t<div class=\"elementor-column elementor-col-50 elementor-top-column elementor-element elementor-element-e7349f5\" data-id=\"e7349f5\" data-element_type=\"column\">\n\t\t\t<div class=\"elementor-widget-wrap elementor-element-populated\">\n\t\t\t\t\t\t<div class=\"elementor-element elementor-element-9d8768d elementor-widget elementor-widget-image\" data-id=\"9d8768d\" data-element_type=\"widget\" data-widget_type=\"image.default\">\n\t\t\t\t<div class=\"elementor-widget-container\">\n\t\t\t\t\t\t\t\t\t\t\t\t\t\t\t<img fetchpriority=\"high\" decoding=\"async\" width=\"600\" height=\"491\" src=\"https:\/\/anadolusaygiosgb.com\/wp-content\/uploads\/2023\/07\/about-9.jpg\" class=\"attachment-full size-full wp-image-1009\" alt=\"\" \/>\t\t\t\t\t\t\t\t\t\t\t\t\t\t\t<\/div>\n\t\t\t\t<\/div>\n\t\t\t\t\t<\/div>\n\t\t<\/div>\n\t\t\t\t\t<\/div>\n\t\t<\/section>\n\t\t\t\t<\/div>\n\t\t","protected":false},"excerpt":{"rendered":"<p>Anadolu Sayg\u0131 OSGB Hakk\u0131m\u0131zda \u0130\u015f sa\u011fl\u0131\u011f\u0131 ve g\u00fcvenli\u011fi ile ilgili t\u00fcm y\u00fck\u00fcml\u00fcl\u00fcklerinizde sizlere rehberlik ediyoruz. Anadolu Sayg\u0131,Ortak Sa\u011fl\u0131k ve G\u00fcvenlik Birimi Sa\u011fl\u0131k Hiz. Ltd \u015eti 15.07.2014 tarihi itibar\u0131 ile Ortak Sa\u011fl\u0131k G\u00fcvenlik Birimi olarak 4857 say\u0131l\u0131 \u0130\u015f Kanunu ve 6331 say\u0131l\u0131 \u0130\u015f Sa\u011fl\u0131\u011f\u0131 ve G\u00fcvenli\u011fi Kanununun i\u015f yerleri i\u00e7in getirmi\u015f oldu\u011fu y\u00fck\u00fcml\u00fcl\u00fckleri yerine getirmekte yard\u0131mc\u0131 [&hellip;]<\/p>\n","protected":false},"author":1,"featured_media":0,"parent":0,"menu_order":0,"comment_status":"closed","ping_status":"closed","template":"page-builder.php","meta":{"_monsterinsights_skip_tracking":false,"_monsterinsights_sitenote_active":false,"_monsterinsights_sitenote_note":"","_monsterinsights_sitenote_category":0,"footnotes":""},"class_list":["post-40","page","type-page","status-publish","hentry"],"aioseo_notices":[],"_links":{"self":[{"href":"https:\/\/anadolusaygiosgb.com\/index.php\/wp-json\/wp\/v2\/pages\/40","targetHints":{"allow":["GET"]}}],"collection":[{"href":"https:\/\/anadolusaygiosgb.com\/index.php\/wp-json\/wp\/v2\/pages"}],"about":[{"href":"https:\/\/anadolusaygiosgb.com\/index.php\/wp-json\/wp\/v2\/types\/page"}],"author":[{"embeddable":true,"href":"https:\/\/anadolusaygiosgb.com\/index.php\/wp-json\/wp\/v2\/users\/1"}],"replies":[{"embeddable":true,"href":"https:\/\/anadolusaygiosgb.com\/index.php\/wp-json\/wp\/v2\/comments?post=40"}],"version-history":[{"count":11,"href":"https:\/\/anadolusaygiosgb.com\/index.php\/wp-json\/wp\/v2\/pages\/40\/revisions"}],"predecessor-version":[{"id":2770,"href":"https:\/\/anadolusaygiosgb.com\/index.php\/wp-json\/wp\/v2\/pages\/40\/revisions\/2770"}],"wp:attachment":[{"href":"https:\/\/anadolusaygiosgb.com\/index.php\/wp-json\/wp\/v2\/media?parent=40"}],"curies":[{"name":"wp","href":"https:\/\/api.w.org\/{rel}","templated":true}]}}